{"id":4400,"date":"2021-10-12T15:51:09","date_gmt":"2021-10-12T15:51:09","guid":{"rendered":"http:\/\/dummy.xtemos.com\/woodmart2\/elementor\/?page_id=4400"},"modified":"2025-11-22T08:28:52","modified_gmt":"2025-11-22T08:28:52","slug":"chi-siamo","status":"publish","type":"page","link":"https:\/\/imdkmedical.com\/it\/chi-siamo\/","title":{"rendered":"Chi siamo"},"content":{"rendered":"<div data-elementor-type=\"wp-page\" data-elementor-id=\"4400\" class=\"elementor elementor-4400\" data-elementor-post-type=\"page\">\n\t\t\t\t<div class=\"wd-negative-gap elementor-element elementor-element-7c7c544 e-flex e-con-boxed e-con e-parent\" data-id=\"7c7c544\" data-element_type=\"container\" data-e-type=\"container\">\n\t\t\t\t\t<div class=\"e-con-inner\">\n\t\t<div class=\"elementor-element elementor-element-e7cb5cd e-con-full e-flex e-con e-child\" data-id=\"e7cb5cd\" data-element_type=\"container\" data-e-type=\"container\">\n\t\t\t\t<div class=\"elementor-element elementor-element-56aec39 elementor-widget elementor-widget-wd_image_or_svg\" data-id=\"56aec39\" data-element_type=\"widget\" data-e-type=\"widget\" data-widget_type=\"wd_image_or_svg.default\">\n\t\t\t\t<div class=\"elementor-widget-container\">\n\t\t\t\t\t\n\t\t<div class=\"wd-image text-left\">\n\t\t\t\t\t\t\t\t<img loading=\"lazy\" decoding=\"async\" width=\"1280\" height=\"720\" src=\"https:\/\/imdkmedical.com\/wp-content\/uploads\/2025\/10\/\u6df1\u5733\u529e\u516c\u5927\u697c.jpg\" class=\"attachment-full size-full\" alt=\"\" srcset=\"https:\/\/imdkmedical.com\/wp-content\/uploads\/2025\/10\/\u6df1\u5733\u529e\u516c\u5927\u697c.jpg 1280w, https:\/\/imdkmedical.com\/wp-content\/uploads\/2025\/10\/\u6df1\u5733\u529e\u516c\u5927\u697c-400x225.jpg 400w, https:\/\/imdkmedical.com\/wp-content\/uploads\/2025\/10\/\u6df1\u5733\u529e\u516c\u5927\u697c-768x432.jpg 768w, https:\/\/imdkmedical.com\/wp-content\/uploads\/2025\/10\/\u6df1\u5733\u529e\u516c\u5927\u697c-430x242.jpg 430w, https:\/\/imdkmedical.com\/wp-content\/uploads\/2025\/10\/\u6df1\u5733\u529e\u516c\u5927\u697c-700x394.jpg 700w, https:\/\/imdkmedical.com\/wp-content\/uploads\/2025\/10\/\u6df1\u5733\u529e\u516c\u5927\u697c-150x84.jpg 150w\" sizes=\"auto, (max-width: 1280px) 100vw, 1280px\" \/>\t\t\t\t\t<\/div>\n\n\t\t\t\t\t\t<\/div>\n\t\t\t\t<\/div>\n\t\t\t\t<\/div>\n\t\t<div class=\"elementor-element elementor-element-97d6084 e-con-full e-flex e-con e-child\" data-id=\"97d6084\" data-element_type=\"container\" data-e-type=\"container\">\n\t\t\t\t<div class=\"elementor-element elementor-element-98d830b wd-width-100 elementor-widget elementor-widget-wd_title\" data-id=\"98d830b\" data-element_type=\"widget\" data-e-type=\"widget\" data-widget_type=\"wd_title.default\">\n\t\t\t\t<div class=\"elementor-widget-container\">\n\t\t\t\t\t\t\t<div class=\"title-wrapper wd-set-mb reset-last-child wd-title-color-primary wd-title-style-default wd-title-size-large text-left\">\n\n\t\t\t\n\t\t\t<div class=\"liner-continer\">\n\t\t\t\t<h4 class=\"woodmart-title-container title wd-fontsize-xxl\">Informazioni su IMDK MEDICAL:<\/h4> \n\t\t\t\t\t\t\t<\/div>\n\n\t\t\t\t\t\t\t<div class=\"title-after_title reset-last-child wd-fontsize-s\">\n\t\t\t\t\t<p>Siamo dedicati alla progettazione e alla produzione di prodotti sanitari popolari per uso domestico e personale. La nostra missione \u00e8 aiutare le persone di tutto il mondo a perseguire una vita sana e felice.<\/p><p>Nel settore medico, ci impegniamo per l'innovazione e lo sviluppo sostenibile. I nostri prodotti si vendono bene nel mercato globale, abbiamo costruito e mantenuto rapporti di cooperazione a lungo termine con grossisti\/distributori affidabili in tutto il mondo, e abbiamo accumulato un'esperienza abbondante nelle vendite e nei servizi post-vendita.<\/p><p>Nel corso degli anni, abbiamo conquistato una buona reputazione tra i nostri clienti grazie alla qualit\u00e0 e alle prestazioni eccellenti dei nostri prodotti; rispettiamo e valorizziamo ogni cliente, siano essi individui o strutture sanitarie (ad esempio ospedali, cliniche e farmacie).<\/p>\t\t\t\t<\/div>\n\t\t\t\t\t<\/div>\n\t\t\t\t\t\t<\/div>\n\t\t\t\t<\/div>\n\t\t\t\t<\/div>\n\t\t\t\t\t<\/div>\n\t\t\t\t<\/div>\n\t\t<div class=\"wd-negative-gap elementor-element elementor-element-516cd03 e-flex e-con-boxed e-con e-parent\" data-id=\"516cd03\" data-element_type=\"container\" data-e-type=\"container\">\n\t\t\t\t\t<div class=\"e-con-inner\">\n\t\t<div class=\"elementor-element elementor-element-6c845f9 e-con-full e-flex e-con e-child\" data-id=\"6c845f9\" data-element_type=\"container\" data-e-type=\"container\">\n\t\t\t\t<div class=\"elementor-element elementor-element-a39d51b wd-width-100 elementor-widget elementor-widget-wd_title\" data-id=\"a39d51b\" data-element_type=\"widget\" data-e-type=\"widget\" data-widget_type=\"wd_title.default\">\n\t\t\t\t<div class=\"elementor-widget-container\">\n\t\t\t\t\t\t\t<div class=\"title-wrapper wd-set-mb reset-last-child wd-title-color-primary wd-title-style-default wd-title-size-large text-left\">\n\n\t\t\t\n\t\t\t<div class=\"liner-continer\">\n\t\t\t\t<h4 class=\"woodmart-title-container title wd-fontsize-xxl\">Ci concentriamo sulla cura della salute familiare:<\/h4> \n\t\t\t\t\t\t\t<\/div>\n\n\t\t\t\t\t\t\t<div class=\"title-after_title reset-last-child wd-fontsize-s\">\n\t\t\t\t\t<p>Quando tutti i tuoi cari sono in perfetta forma e salute, hai un buon motivo per mantenere un buon umore tutto il giorno. Forse senti il bisogno di metterti in contatto con medici o professionisti per controlli regolari; ma se puoi eseguire alcuni test di base comodamente a casa, sar\u00e0 pi\u00f9 conveniente. E questo \u00e8 ci\u00f2 che IMDK pu\u00f2 offrirti.<\/p><p>IMDK ti aiuta a ridurre procedure di controllo inutili e costose che di solito vengono eseguite in strutture sanitarie (ad esempio ospedali, cliniche e case di riposo).<\/p>\t\t\t\t<\/div>\n\t\t\t\t\t<\/div>\n\t\t\t\t\t\t<\/div>\n\t\t\t\t<\/div>\n\t\t<div class=\"elementor-element elementor-element-d242622 e-grid e-con-full e-con e-child\" data-id=\"d242622\" data-element_type=\"container\" data-e-type=\"container\">\n\t\t\t\t<div class=\"elementor-element elementor-element-d2828d1 elementor-position-top elementor-widget elementor-widget-image-box\" data-id=\"d2828d1\" data-element_type=\"widget\" data-e-type=\"widget\" data-widget_type=\"image-box.default\">\n\t\t\t\t\t<div class=\"elementor-image-box-wrapper\"><figure class=\"elementor-image-box-img\"><img loading=\"lazy\" decoding=\"async\" width=\"758\" height=\"748\" src=\"https:\/\/imdkmedical.com\/wp-content\/uploads\/2025\/11\/weima10308.jpg\" class=\"attachment-full size-full wp-image-30385\" alt=\"\" srcset=\"https:\/\/imdkmedical.com\/wp-content\/uploads\/2025\/11\/weima10308.jpg 758w, https:\/\/imdkmedical.com\/wp-content\/uploads\/2025\/11\/weima10308-304x300.jpg 304w, https:\/\/imdkmedical.com\/wp-content\/uploads\/2025\/11\/weima10308-430x424.jpg 430w, https:\/\/imdkmedical.com\/wp-content\/uploads\/2025\/11\/weima10308-700x691.jpg 700w, https:\/\/imdkmedical.com\/wp-content\/uploads\/2025\/11\/weima10308-150x148.jpg 150w\" sizes=\"auto, (max-width: 758px) 100vw, 758px\" \/><\/figure><div class=\"elementor-image-box-content\"><h3 class=\"elementor-image-box-title\">Sede centrale IMDK Shenzhen<\/h3><\/div><\/div>\t\t\t\t<\/div>\n\t\t\t\t<div class=\"elementor-element elementor-element-333ca59 elementor-position-top elementor-widget elementor-widget-image-box\" data-id=\"333ca59\" data-element_type=\"widget\" data-e-type=\"widget\" data-widget_type=\"image-box.default\">\n\t\t\t\t\t<div class=\"elementor-image-box-wrapper\"><figure class=\"elementor-image-box-img\"><img loading=\"lazy\" decoding=\"async\" width=\"758\" height=\"753\" src=\"https:\/\/imdkmedical.com\/wp-content\/uploads\/2025\/11\/1038erweima-e1764123445806.jpg\" class=\"attachment-full size-full wp-image-30384\" alt=\"\" \/><\/figure><div class=\"elementor-image-box-content\"><h3 class=\"elementor-image-box-title\">Fabbrica IMDK Hunan<\/h3><\/div><\/div>\t\t\t\t<\/div>\n\t\t\t\t<\/div>\n\t\t\t\t<\/div>\n\t\t<div class=\"elementor-element elementor-element-b2c47f3 e-con-full e-flex e-con e-child\" data-id=\"b2c47f3\" data-element_type=\"container\" data-e-type=\"container\">\n\t\t\t\t<div class=\"elementor-element elementor-element-113f3be elementor-widget elementor-widget-wd_image_or_svg\" data-id=\"113f3be\" data-element_type=\"widget\" data-e-type=\"widget\" data-widget_type=\"wd_image_or_svg.default\">\n\t\t\t\t<div class=\"elementor-widget-container\">\n\t\t\t\t\t\n\t\t<div class=\"wd-image text-right\">\n\t\t\t\t\t\t\t\t<img loading=\"lazy\" decoding=\"async\" width=\"433\" height=\"410\" src=\"https:\/\/imdkmedical.com\/wp-content\/uploads\/2025\/10\/family-health-433x410.jpg\" class=\"attachment-x410 size-x410\" alt=\"\" srcset=\"https:\/\/imdkmedical.com\/wp-content\/uploads\/2025\/10\/family-health-433x410.jpg 433w, https:\/\/imdkmedical.com\/wp-content\/uploads\/2025\/10\/family-health-317x300.jpg 317w, https:\/\/imdkmedical.com\/wp-content\/uploads\/2025\/10\/family-health-430x408.jpg 430w, https:\/\/imdkmedical.com\/wp-content\/uploads\/2025\/10\/family-health-150x142.jpg 150w, https:\/\/imdkmedical.com\/wp-content\/uploads\/2025\/10\/family-health-567x537.jpg 567w, https:\/\/imdkmedical.com\/wp-content\/uploads\/2025\/10\/family-health-535x507.jpg 535w, https:\/\/imdkmedical.com\/wp-content\/uploads\/2025\/10\/family-health-429x407.jpg 429w, https:\/\/imdkmedical.com\/wp-content\/uploads\/2025\/10\/family-health-440x417.jpg 440w, https:\/\/imdkmedical.com\/wp-content\/uploads\/2025\/10\/family-health.jpg 633w\" sizes=\"auto, (max-width: 433px) 100vw, 433px\" \/>\t\t\t\t\t<\/div>\n\n\t\t\t\t\t\t<\/div>\n\t\t\t\t<\/div>\n\t\t\t\t<\/div>\n\t\t\t\t\t<\/div>\n\t\t\t\t<\/div>\n\t\t<div class=\"wd-negative-gap elementor-element elementor-element-9daccd4 e-flex e-con-boxed e-con e-parent\" data-id=\"9daccd4\" data-element_type=\"container\" data-e-type=\"container\">\n\t\t\t\t\t<div class=\"e-con-inner\">\n\t\t\t\t<div class=\"elementor-element elementor-element-93d8b0b elementor-widget elementor-widget-heading\" data-id=\"93d8b0b\" data-element_type=\"widget\" data-e-type=\"widget\" data-widget_type=\"heading.default\">\n\t\t\t\t\t<h2 class=\"elementor-heading-title elementor-size-default\">I nostri prodotti in evidenza:<\/h2>\t\t\t\t<\/div>\n\t\t\t\t\t<\/div>\n\t\t\t\t<\/div>\n\t\t<div class=\"wd-negative-gap elementor-element elementor-element-041e2d9 wd-section-stretch e-flex e-con-boxed e-con e-parent\" data-id=\"041e2d9\" data-element_type=\"container\" data-e-type=\"container\">\n\t\t\t\t\t<div class=\"e-con-inner\">\n\t\t<div class=\"elementor-element elementor-element-b697272 e-con-full e-flex e-con e-child\" data-id=\"b697272\" data-element_type=\"container\" data-e-type=\"container\">\n\t\t\t\t<div class=\"elementor-element elementor-element-95c4b36 elementor-widget elementor-widget-image\" data-id=\"95c4b36\" data-element_type=\"widget\" data-e-type=\"widget\" data-widget_type=\"image.default\">\n\t\t\t\t\t\t\t\t\t\t\t\t\t\t\t<img loading=\"lazy\" decoding=\"async\" width=\"800\" height=\"800\" src=\"https:\/\/imdkmedical.com\/wp-content\/uploads\/2025\/10\/A2\u96fe\u5316\u5668.406_\u7ed3\u679c.webp\" class=\"attachment-large size-large wp-image-29216\" alt=\"\" srcset=\"https:\/\/imdkmedical.com\/wp-content\/uploads\/2025\/10\/A2\u96fe\u5316\u5668.406_\u7ed3\u679c.webp 800w, https:\/\/imdkmedical.com\/wp-content\/uploads\/2025\/10\/A2\u96fe\u5316\u5668.406_\u7ed3\u679c-300x300.webp 300w, https:\/\/imdkmedical.com\/wp-content\/uploads\/2025\/10\/A2\u96fe\u5316\u5668.406_\u7ed3\u679c-150x150.webp 150w, https:\/\/imdkmedical.com\/wp-content\/uploads\/2025\/10\/A2\u96fe\u5316\u5668.406_\u7ed3\u679c-768x768.webp 768w, https:\/\/imdkmedical.com\/wp-content\/uploads\/2025\/10\/A2\u96fe\u5316\u5668.406_\u7ed3\u679c-430x430.webp 430w, https:\/\/imdkmedical.com\/wp-content\/uploads\/2025\/10\/A2\u96fe\u5316\u5668.406_\u7ed3\u679c-700x700.webp 700w\" sizes=\"auto, (max-width: 800px) 100vw, 800px\" \/>\t\t\t\t\t\t\t\t\t\t\t\t\t\t\t<\/div>\n\t\t\t\t<div class=\"elementor-element elementor-element-f46146b color-scheme-inherit text-left elementor-widget elementor-widget-text-editor\" data-id=\"f46146b\" data-element_type=\"widget\" data-e-type=\"widget\" data-widget_type=\"text-editor.default\">\n\t\t\t\t\t\t\t\t\t<p><strong>pulsossimetro a dito IMDK:<\/strong>\u00a0in pochi secondi dall'uso di questo piccolo dispositivo a clip, puoi facilmente scoprire la tua frequenza cardiaca e i livelli di ossigeno nel sangue.<\/p>\t\t\t\t\t\t\t\t<\/div>\n\t\t\t\t<\/div>\n\t\t<div class=\"elementor-element elementor-element-c44d471 e-con-full e-flex e-con e-child\" data-id=\"c44d471\" data-element_type=\"container\" data-e-type=\"container\">\n\t\t\t\t<div class=\"elementor-element elementor-element-7301c7e elementor-widget elementor-widget-image\" data-id=\"7301c7e\" data-element_type=\"widget\" data-e-type=\"widget\" data-widget_type=\"image.default\">\n\t\t\t\t\t\t\t\t\t\t\t\t\t\t\t<img loading=\"lazy\" decoding=\"async\" width=\"800\" height=\"800\" src=\"https:\/\/imdkmedical.com\/wp-content\/uploads\/2021\/08\/01_\u7ed3\u679c.webp\" class=\"attachment-large size-large wp-image-29159\" alt=\"\" srcset=\"https:\/\/imdkmedical.com\/wp-content\/uploads\/2021\/08\/01_\u7ed3\u679c.webp 800w, https:\/\/imdkmedical.com\/wp-content\/uploads\/2021\/08\/01_\u7ed3\u679c-300x300.webp 300w, https:\/\/imdkmedical.com\/wp-content\/uploads\/2021\/08\/01_\u7ed3\u679c-150x150.webp 150w, https:\/\/imdkmedical.com\/wp-content\/uploads\/2021\/08\/01_\u7ed3\u679c-768x768.webp 768w, https:\/\/imdkmedical.com\/wp-content\/uploads\/2021\/08\/01_\u7ed3\u679c-430x430.webp 430w, https:\/\/imdkmedical.com\/wp-content\/uploads\/2021\/08\/01_\u7ed3\u679c-700x700.webp 700w\" sizes=\"auto, (max-width: 800px) 100vw, 800px\" \/>\t\t\t\t\t\t\t\t\t\t\t\t\t\t\t<\/div>\n\t\t\t\t<div class=\"elementor-element elementor-element-1bf6675 color-scheme-inherit text-left elementor-widget elementor-widget-text-editor\" data-id=\"1bf6675\" data-element_type=\"widget\" data-e-type=\"widget\" data-widget_type=\"text-editor.default\">\n\t\t\t\t\t\t\t\t\t<p><strong>Nebulizzatore a rete IMDK<\/strong><strong>:<\/strong>\u00a0questa soluzione di nebulizzazione pu\u00f2 offrirti un trattamento efficace e pratico per le persone con malattie respiratorie croniche.<\/p>\t\t\t\t\t\t\t\t<\/div>\n\t\t\t\t<\/div>\n\t\t<div class=\"elementor-element elementor-element-e2c9520 e-con-full e-flex e-con e-child\" data-id=\"e2c9520\" data-element_type=\"container\" data-e-type=\"container\">\n\t\t\t\t<div class=\"elementor-element elementor-element-f5469e5 elementor-widget elementor-widget-image\" data-id=\"f5469e5\" data-element_type=\"widget\" data-e-type=\"widget\" data-widget_type=\"image.default\">\n\t\t\t\t\t\t\t\t\t\t\t\t\t\t\t<img loading=\"lazy\" decoding=\"async\" width=\"800\" height=\"800\" src=\"https:\/\/imdkmedical.com\/wp-content\/uploads\/2025\/10\/10005-e1761223514454.jpg\" class=\"attachment-large size-large wp-image-29309\" alt=\"\" \/>\t\t\t\t\t\t\t\t\t\t\t\t\t\t\t<\/div>\n\t\t\t\t<div class=\"elementor-element elementor-element-806ceb2 color-scheme-inherit text-left elementor-widget elementor-widget-text-editor\" data-id=\"806ceb2\" data-element_type=\"widget\" data-e-type=\"widget\" data-widget_type=\"text-editor.default\">\n\t\t\t\t\t\t\t\t\t<p><strong>Doppler fetale IMDK<\/strong>: per le donne in gravidanza che prestano attenzione alla cura prenatale, \u00e8 necessario avere questo piccolo trasduttore ad ultrasuoni portatile per rilevare regolarmente il battito fetale.<\/p>\t\t\t\t\t\t\t\t<\/div>\n\t\t\t\t<\/div>\n\t\t\t\t\t<\/div>\n\t\t\t\t<\/div>\n\t\t<div class=\"wd-negative-gap elementor-element elementor-element-df30c9b wd-section-stretch e-flex e-con-boxed e-con e-parent\" data-id=\"df30c9b\" data-element_type=\"container\" data-e-type=\"container\">\n\t\t\t\t\t<div class=\"e-con-inner\">\n\t\t<div class=\"elementor-element elementor-element-61fa7b9 e-con-full e-flex e-con e-child\" data-id=\"61fa7b9\" data-element_type=\"container\" data-e-type=\"container\">\n\t\t\t\t<div class=\"elementor-element elementor-element-4af5e3e elementor-widget elementor-widget-image\" data-id=\"4af5e3e\" data-element_type=\"widget\" data-e-type=\"widget\" data-widget_type=\"image.default\">\n\t\t\t\t\t\t\t\t\t\t\t\t\t\t\t<img loading=\"lazy\" decoding=\"async\" width=\"800\" height=\"800\" src=\"https:\/\/imdkmedical.com\/wp-content\/uploads\/2025\/10\/10006-1.jpg\" class=\"attachment-large size-large wp-image-29368\" alt=\"\" srcset=\"https:\/\/imdkmedical.com\/wp-content\/uploads\/2025\/10\/10006-1.jpg 800w, https:\/\/imdkmedical.com\/wp-content\/uploads\/2025\/10\/10006-1-300x300.jpg 300w, https:\/\/imdkmedical.com\/wp-content\/uploads\/2025\/10\/10006-1-150x150.jpg 150w, https:\/\/imdkmedical.com\/wp-content\/uploads\/2025\/10\/10006-1-768x768.jpg 768w, https:\/\/imdkmedical.com\/wp-content\/uploads\/2025\/10\/10006-1-430x430.jpg 430w, https:\/\/imdkmedical.com\/wp-content\/uploads\/2025\/10\/10006-1-700x700.jpg 700w\" sizes=\"auto, (max-width: 800px) 100vw, 800px\" \/>\t\t\t\t\t\t\t\t\t\t\t\t\t\t\t<\/div>\n\t\t\t\t<div class=\"elementor-element elementor-element-bd8df12 color-scheme-inherit text-left elementor-widget elementor-widget-text-editor\" data-id=\"bd8df12\" data-element_type=\"widget\" data-e-type=\"widget\" data-widget_type=\"text-editor.default\">\n\t\t\t\t\t\t\t\t\t<p><strong>Monitor della pressione sanguigna IMDK:<\/strong>\u00a0questo dispositivo \u00e8 comodo da indossare sui polsi. E puoi effettuare una lettura rapida mentre gonfi il bracciale premendo un pulsante.<\/p>\t\t\t\t\t\t\t\t<\/div>\n\t\t\t\t<\/div>\n\t\t<div class=\"elementor-element elementor-element-b062308 e-con-full e-flex e-con e-child\" data-id=\"b062308\" data-element_type=\"container\" data-e-type=\"container\">\n\t\t\t\t<div class=\"elementor-element elementor-element-2edd3a4 elementor-widget elementor-widget-image\" data-id=\"2edd3a4\" data-element_type=\"widget\" data-e-type=\"widget\" data-widget_type=\"image.default\">\n\t\t\t\t\t\t\t\t\t\t\t\t\t\t\t<img loading=\"lazy\" decoding=\"async\" width=\"800\" height=\"800\" src=\"https:\/\/imdkmedical.com\/wp-content\/uploads\/2021\/08\/7_\u7ed3\u679c.webp\" class=\"attachment-large size-large wp-image-29198\" alt=\"\" srcset=\"https:\/\/imdkmedical.com\/wp-content\/uploads\/2021\/08\/7_\u7ed3\u679c.webp 800w, https:\/\/imdkmedical.com\/wp-content\/uploads\/2021\/08\/7_\u7ed3\u679c-300x300.webp 300w, https:\/\/imdkmedical.com\/wp-content\/uploads\/2021\/08\/7_\u7ed3\u679c-150x150.webp 150w, https:\/\/imdkmedical.com\/wp-content\/uploads\/2021\/08\/7_\u7ed3\u679c-768x768.webp 768w, https:\/\/imdkmedical.com\/wp-content\/uploads\/2021\/08\/7_\u7ed3\u679c-430x430.webp 430w, https:\/\/imdkmedical.com\/wp-content\/uploads\/2021\/08\/7_\u7ed3\u679c-700x700.webp 700w\" sizes=\"auto, (max-width: 800px) 100vw, 800px\" \/>\t\t\t\t\t\t\t\t\t\t\t\t\t\t\t<\/div>\n\t\t\t\t<div class=\"elementor-element elementor-element-0f39e12 color-scheme-inherit text-left elementor-widget elementor-widget-text-editor\" data-id=\"0f39e12\" data-element_type=\"widget\" data-e-type=\"widget\" data-widget_type=\"text-editor.default\">\n\t\t\t\t\t\t\t\t\t<p><strong>Concentratore di ossigeno IMDK:<\/strong>\u00a0se il tuo medico ti ha prescritto ossigeno supplementare, puoi considerare l'uso di questo concentratore di ossigeno portatile. Puoi continuare a essere attivo quando hai bisogno di ossigeno extra.<\/p>\t\t\t\t\t\t\t\t<\/div>\n\t\t\t\t<\/div>\n\t\t<div class=\"elementor-element elementor-element-a1260b0 e-con-full e-flex e-con e-child\" data-id=\"a1260b0\" data-element_type=\"container\" data-e-type=\"container\">\n\t\t\t\t<div class=\"elementor-element elementor-element-2a76990 elementor-widget elementor-widget-image\" data-id=\"2a76990\" data-element_type=\"widget\" data-e-type=\"widget\" data-widget_type=\"image.default\">\n\t\t\t\t\t\t\t\t\t\t\t\t\t\t\t<img loading=\"lazy\" decoding=\"async\" width=\"800\" height=\"800\" src=\"https:\/\/imdkmedical.com\/wp-content\/uploads\/2025\/10\/3.jpg\" class=\"attachment-large size-large wp-image-29417\" alt=\"\" srcset=\"https:\/\/imdkmedical.com\/wp-content\/uploads\/2025\/10\/3.jpg 800w, https:\/\/imdkmedical.com\/wp-content\/uploads\/2025\/10\/3-300x300.jpg 300w, https:\/\/imdkmedical.com\/wp-content\/uploads\/2025\/10\/3-150x150.jpg 150w, https:\/\/imdkmedical.com\/wp-content\/uploads\/2025\/10\/3-768x768.jpg 768w, https:\/\/imdkmedical.com\/wp-content\/uploads\/2025\/10\/3-430x430.jpg 430w, https:\/\/imdkmedical.com\/wp-content\/uploads\/2025\/10\/3-700x700.jpg 700w\" sizes=\"auto, (max-width: 800px) 100vw, 800px\" \/>\t\t\t\t\t\t\t\t\t\t\t\t\t\t\t<\/div>\n\t\t\t\t<div class=\"elementor-element elementor-element-f67fcaf color-scheme-inherit text-left elementor-widget elementor-widget-text-editor\" data-id=\"f67fcaf\" data-element_type=\"widget\" data-e-type=\"widget\" data-widget_type=\"text-editor.default\">\n\t\t\t\t\t\t\t\t\t<p><strong>IMDK pulitore CPAP a ozono:<\/strong>\u00a0questo mini purificatore d'aria a ozono \u00e8 specificamente progettato per disinfettare le macchine CPAP e gli accessori correlati.<\/p>\t\t\t\t\t\t\t\t<\/div>\n\t\t\t\t<\/div>\n\t\t\t\t\t<\/div>\n\t\t\t\t<\/div>\n\t\t\t\t<\/div>","protected":false},"excerpt":{"rendered":"<p>About IMDK MEDICAL: We are dedicated to designing and manufacturing popular healthcare products for home use and personal use. It<\/p>","protected":false},"author":1,"featured_media":0,"parent":0,"menu_order":0,"comment_status":"closed","ping_status":"closed","template":"","meta":{"footnotes":""},"class_list":["post-4400","page","type-page","status-publish","hentry"],"_links":{"self":[{"href":"https:\/\/imdkmedical.com\/it\/wp-json\/wp\/v2\/pages\/4400","targetHints":{"allow":["GET"]}}],"collection":[{"href":"https:\/\/imdkmedical.com\/it\/wp-json\/wp\/v2\/pages"}],"about":[{"href":"https:\/\/imdkmedical.com\/it\/wp-json\/wp\/v2\/types\/page"}],"author":[{"embeddable":true,"href":"https:\/\/imdkmedical.com\/it\/wp-json\/wp\/v2\/users\/1"}],"replies":[{"embeddable":true,"href":"https:\/\/imdkmedical.com\/it\/wp-json\/wp\/v2\/comments?post=4400"}],"version-history":[{"count":0,"href":"https:\/\/imdkmedical.com\/it\/wp-json\/wp\/v2\/pages\/4400\/revisions"}],"wp:attachment":[{"href":"https:\/\/imdkmedical.com\/it\/wp-json\/wp\/v2\/media?parent=4400"}],"curies":[{"name":"wp","href":"https:\/\/api.w.org\/{rel}","templated":true}]}}