{"id":334,"date":"2021-08-27T11:42:20","date_gmt":"2021-08-27T11:42:20","guid":{"rendered":"http:\/\/dummy.xtemos.com\/woodmart2\/elementor\/?post_type=product&#038;p=334"},"modified":"2025-11-13T11:07:46","modified_gmt":"2025-11-13T11:07:46","slug":"nebuliseur-a-maillage-portable-ym-3r8","status":"publish","type":"product","link":"https:\/\/imdkmedical.com\/fr\/produit\/nebuliseur-a-maillage-portable-ym-3r8\/","title":{"rendered":"N\u00e9buliseur \u00e0 maillage portable YM 3R8"},"content":{"rendered":"<div data-elementor-type=\"wp-post\" data-elementor-id=\"334\" class=\"elementor elementor-334\" data-elementor-post-type=\"product\">\n\t\t\t\t<div class=\"wd-negative-gap elementor-element elementor-element-2a51e47 e-flex e-con-boxed e-con e-parent\" data-id=\"2a51e47\" data-element_type=\"container\" data-e-type=\"container\">\n\t\t\t\t\t<div class=\"e-con-inner\">\n\t\t<div class=\"elementor-element elementor-element-01fc7d0 e-con-full e-flex e-con e-child\" data-id=\"01fc7d0\" data-element_type=\"container\" data-e-type=\"container\">\n\t\t\t\t<div class=\"elementor-element elementor-element-3d26ce2 elementor-widget elementor-widget-wd_text_block\" data-id=\"3d26ce2\" data-element_type=\"widget\" data-e-type=\"widget\" data-widget_type=\"wd_text_block.default\">\n\t\t\t\t<div class=\"elementor-widget-container\">\n\t\t\t\t\t\t\t<div class=\"wd-text-block reset-last-child text-left\">\n\t\t\t\n\t\t\t<h3>VESTIBULUM TEMPUS METUS<\/h3><ul class=\"unordered-list\"><li>Lorem ipsum dolor sit amet, conser.<\/li><li>Aliquam tincidunt mauris eu risus.<\/li><li>Vestibulum <strong><a href=\"#\">auteur dapibus<\/a><\/strong> neque.<\/li><li>Nunc dignissim risus id metus.<\/li><li>Cras ornare tristique elit.<\/li><li>Vivamus vestibulum nulla nec ante.<\/li><li>Praesent placerat risus quis eros.<\/li><li>Fusce pellentesque suscipit nibh.<\/li><\/ul><p>Commodo parturient tincidunt condimentum vestibulum <a href=\"#\"><strong>dolor laoreet<\/strong><\/a> eros suspendisse magna torquent ac condimentum arcu <a href=\"#\"><strong>parturient<\/strong><\/a> nec disse magna torquent ac condimentum arcu parturient nec.<\/p>\n\t\t\t\t\t<\/div>\n\t\t\t\t\t\t<\/div>\n\t\t\t\t<\/div>\n\t\t\t\t<\/div>\n\t\t<div class=\"elementor-element elementor-element-8e7cad6 e-con-full e-flex e-con e-child\" data-id=\"8e7cad6\" data-element_type=\"container\" data-e-type=\"container\">\n\t\t\t\t<div class=\"elementor-element elementor-element-8c781c7 elementor-widget elementor-widget-wd_image_or_svg\" data-id=\"8c781c7\" data-element_type=\"widget\" data-e-type=\"widget\" data-widget_type=\"wd_image_or_svg.default\">\n\t\t\t\t<div class=\"elementor-widget-container\">\n\t\t\t\t\t\n\t\t<div class=\"wd-image text-left\">\n\t\t\t\t\t\t\t\t\t\t\t\t\t<\/div>\n\n\t\t\t\t\t\t<\/div>\n\t\t\t\t<\/div>\n\t\t\t\t<\/div>\n\t\t<div class=\"elementor-element elementor-element-d9a59bb e-con-full e-flex e-con e-child\" data-id=\"d9a59bb\" data-element_type=\"container\" data-e-type=\"container\">\n\t\t\t\t<div class=\"elementor-element elementor-element-cb83973 elementor-widget elementor-widget-wd_image_or_svg\" data-id=\"cb83973\" data-element_type=\"widget\" data-e-type=\"widget\" data-widget_type=\"wd_image_or_svg.default\">\n\t\t\t\t<div class=\"elementor-widget-container\">\n\t\t\t\t\t\n\t\t<div class=\"wd-image text-left\">\n\t\t\t\t\t\t\t\t\t\t\t\t\t<\/div>\n\n\t\t\t\t\t\t<\/div>\n\t\t\t\t<\/div>\n\t\t\t\t<\/div>\n\t\t\t\t\t<\/div>\n\t\t\t\t<\/div>\n\t\t\t\t<\/div>","protected":false},"excerpt":{"rendered":"<ul>\n<li>N\u00e9buliseur ultra compact avec technologie de maillage vibrant : ne p\u00e8se que 120 g et tient discr\u00e8tement dans la paume de votre main.<\/li>\n<li>Fonctionnement tr\u00e8s silencieux : permet aux utilisateurs d'utiliser \u00e0 tout moment, n'importe o\u00f9.<\/li>\n<li>Conception sans tubulure et sans fil : offre un soulagement respiratoire o\u00f9 que vous soyez.<\/li>\n<li>Brumisation rapide et efficace : d\u00e9livre chaque goutte de m\u00e9dicament sans dilution pour r\u00e9duire le temps de traitement.<\/li>\n<li>Compatible avec la plupart des m\u00e9dicaments : la performance peut varier avec les n\u00e9buliseurs \u00e0 maillage et les m\u00e9dicaments utilis\u00e9s tels que suspensions ou viscosit\u00e9s \u00e9lev\u00e9es. Consultez votre professionnel de sant\u00e9 pour des recommandations.<\/li>\n<li>Fonctionnement \u00e0 360\u00b0 : permet d'inhaler dans n'importe quelle position.<\/li>\n<\/ul>","protected":false},"featured_media":29175,"template":"","meta":[],"product_brand":[],"product_cat":[74],"product_tag":[],"class_list":{"0":"post-334","1":"product","2":"type-product","3":"status-publish","4":"has-post-thumbnail","6":"product_cat-mesh-nebulizer","8":"first","9":"instock","10":"shipping-taxable","11":"product-type-simple"},"_links":{"self":[{"href":"https:\/\/imdkmedical.com\/fr\/wp-json\/wp\/v2\/product\/334","targetHints":{"allow":["GET"]}}],"collection":[{"href":"https:\/\/imdkmedical.com\/fr\/wp-json\/wp\/v2\/product"}],"about":[{"href":"https:\/\/imdkmedical.com\/fr\/wp-json\/wp\/v2\/types\/product"}],"version-history":[{"count":0,"href":"https:\/\/imdkmedical.com\/fr\/wp-json\/wp\/v2\/product\/334\/revisions"}],"wp:featuredmedia":[{"embeddable":true,"href":"https:\/\/imdkmedical.com\/fr\/wp-json\/wp\/v2\/media\/29175"}],"wp:attachment":[{"href":"https:\/\/imdkmedical.com\/fr\/wp-json\/wp\/v2\/media?parent=334"}],"wp:term":[{"taxonomy":"product_brand","embeddable":true,"href":"https:\/\/imdkmedical.com\/fr\/wp-json\/wp\/v2\/product_brand?post=334"},{"taxonomy":"product_cat","embeddable":true,"href":"https:\/\/imdkmedical.com\/fr\/wp-json\/wp\/v2\/product_cat?post=334"},{"taxonomy":"product_tag","embeddable":true,"href":"https:\/\/imdkmedical.com\/fr\/wp-json\/wp\/v2\/product_tag?post=334"}],"curies":[{"name":"wp","href":"https:\/\/api.w.org\/{rel}","templated":true}]}}