{"id":29369,"date":"2025-10-21T11:16:01","date_gmt":"2025-10-21T11:16:01","guid":{"rendered":"https:\/\/cs.maozixifa.cn\/?post_type=product&#038;p=29369"},"modified":"2025-11-29T04:21:03","modified_gmt":"2025-11-29T04:21:03","slug":"tensiometre","status":"publish","type":"product","link":"https:\/\/imdkmedical.com\/fr\/produit\/tensiometre\/","title":{"rendered":"Tensiom\u00e8tre num\u00e9rique de poignet"},"content":{"rendered":"","protected":false},"excerpt":{"rendered":"<ul>\n<li>SYS (systolique) : mesure de la pression \u00e9lev\u00e9e.<\/li>\n<li>DIA (diastolique) : mesure de la pression basse.<\/li>\n<li>Fr\u00e9quence du pouls : mesure de la fr\u00e9quence du pouls.<\/li>\n<li>Heure et date : affichage de l'heure et de la date.<\/li>\n<li>Basse tension : affichage du niveau de la batterie.<\/li>\n<li>Affichage du niveau de la pression art\u00e9rielle : affichage du niveau de la pression art\u00e9rielle.<\/li>\n<li>Unit\u00e9 de pression : affichage de l'unit\u00e9 de la pression art\u00e9rielle.<\/li>\n<li>Autre affichage : nombre d'enregistrements \/ battements du c\u0153ur.<\/li>\n<\/ul>","protected":false},"featured_media":29365,"template":"","meta":[],"product_brand":[],"product_cat":[37],"product_tag":[],"class_list":{"0":"post-29369","1":"product","2":"type-product","3":"status-publish","4":"has-post-thumbnail","6":"product_cat-blood-pressure-monitor","8":"first","9":"instock","10":"shipping-taxable","11":"product-type-variable"},"_links":{"self":[{"href":"https:\/\/imdkmedical.com\/fr\/wp-json\/wp\/v2\/product\/29369","targetHints":{"allow":["GET"]}}],"collection":[{"href":"https:\/\/imdkmedical.com\/fr\/wp-json\/wp\/v2\/product"}],"about":[{"href":"https:\/\/imdkmedical.com\/fr\/wp-json\/wp\/v2\/types\/product"}],"version-history":[{"count":0,"href":"https:\/\/imdkmedical.com\/fr\/wp-json\/wp\/v2\/product\/29369\/revisions"}],"wp:featuredmedia":[{"embeddable":true,"href":"https:\/\/imdkmedical.com\/fr\/wp-json\/wp\/v2\/media\/29365"}],"wp:attachment":[{"href":"https:\/\/imdkmedical.com\/fr\/wp-json\/wp\/v2\/media?parent=29369"}],"wp:term":[{"taxonomy":"product_brand","embeddable":true,"href":"https:\/\/imdkmedical.com\/fr\/wp-json\/wp\/v2\/product_brand?post=29369"},{"taxonomy":"product_cat","embeddable":true,"href":"https:\/\/imdkmedical.com\/fr\/wp-json\/wp\/v2\/product_cat?post=29369"},{"taxonomy":"product_tag","embeddable":true,"href":"https:\/\/imdkmedical.com\/fr\/wp-json\/wp\/v2\/product_tag?post=29369"}],"curies":[{"name":"wp","href":"https:\/\/api.w.org\/{rel}","templated":true}]}}