{"id":29317,"date":"2025-10-21T08:26:27","date_gmt":"2025-10-21T08:26:27","guid":{"rendered":"https:\/\/cs.maozixifa.cn\/?post_type=product&#038;p=29317"},"modified":"2025-11-13T10:54:00","modified_gmt":"2025-11-13T10:54:00","slug":"generateur-de-glucose-sanguin","status":"publish","type":"product","link":"https:\/\/imdkmedical.com\/fr\/produit\/generateur-de-glucose-sanguin\/","title":{"rendered":"Glucom\u00e8tre"},"content":{"rendered":"","protected":false},"excerpt":{"rendered":"<ul>\n<li>Pr\u00e9cision cliniquement prouv\u00e9e \u2013 Certifi\u00e9e selon les normes CE, FDA et ISO.<\/li>\n<li>Tr\u00e8s fiable \u2013 98% de r\u00e9sultats avec une marge de \u00b110% par rapport aux valeurs en laboratoire.<\/li>\n<li>Tubes de test \u00e0 8 \u00e9lectrodes \u2013 Stables et pr\u00e9cis dans toutes les conditions.<\/li>\n<li>Test rapide \u2013 Seulement 5 secondes et 5\u00b5L de sang.<\/li>\n<li>Large application \u2013 Convient \u00e0 tous les \u00e2ges et conditions de sant\u00e9.<\/li>\n<li>Conception \u00e0 auto-codage \u2013 Ins\u00e9rez la bandelette et testez instantan\u00e9ment.<\/li>\n<li>Qualit\u00e9 fiable \u2013 Plus de 10 ans sans rappel.<\/li>\n<li>Facile \u00e0 utiliser \u2013 \u00c9cran clair et op\u00e9ration simple d'une touche.<\/li>\n<\/ul>","protected":false},"featured_media":29305,"template":"","meta":[],"product_brand":[],"product_cat":[28],"product_tag":[],"class_list":{"0":"post-29317","1":"product","2":"type-product","3":"status-publish","4":"has-post-thumbnail","6":"product_cat-blood-sugar-and-uric-acid","8":"first","9":"instock","10":"shipping-taxable","11":"product-type-simple"},"_links":{"self":[{"href":"https:\/\/imdkmedical.com\/fr\/wp-json\/wp\/v2\/product\/29317","targetHints":{"allow":["GET"]}}],"collection":[{"href":"https:\/\/imdkmedical.com\/fr\/wp-json\/wp\/v2\/product"}],"about":[{"href":"https:\/\/imdkmedical.com\/fr\/wp-json\/wp\/v2\/types\/product"}],"version-history":[{"count":0,"href":"https:\/\/imdkmedical.com\/fr\/wp-json\/wp\/v2\/product\/29317\/revisions"}],"wp:featuredmedia":[{"embeddable":true,"href":"https:\/\/imdkmedical.com\/fr\/wp-json\/wp\/v2\/media\/29305"}],"wp:attachment":[{"href":"https:\/\/imdkmedical.com\/fr\/wp-json\/wp\/v2\/media?parent=29317"}],"wp:term":[{"taxonomy":"product_brand","embeddable":true,"href":"https:\/\/imdkmedical.com\/fr\/wp-json\/wp\/v2\/product_brand?post=29317"},{"taxonomy":"product_cat","embeddable":true,"href":"https:\/\/imdkmedical.com\/fr\/wp-json\/wp\/v2\/product_cat?post=29317"},{"taxonomy":"product_tag","embeddable":true,"href":"https:\/\/imdkmedical.com\/fr\/wp-json\/wp\/v2\/product_tag?post=29317"}],"curies":[{"name":"wp","href":"https:\/\/api.w.org\/{rel}","templated":true}]}}