{"id":4400,"date":"2021-10-12T15:51:09","date_gmt":"2021-10-12T15:51:09","guid":{"rendered":"http:\/\/dummy.xtemos.com\/woodmart2\/elementor\/?page_id=4400"},"modified":"2025-11-22T08:28:52","modified_gmt":"2025-11-22T08:28:52","slug":"a-propos-de-nous","status":"publish","type":"page","link":"https:\/\/imdkmedical.com\/fr\/a-propos-de-nous\/","title":{"rendered":"\u00c0 propos de nous"},"content":{"rendered":"<div data-elementor-type=\"wp-page\" data-elementor-id=\"4400\" class=\"elementor elementor-4400\" data-elementor-post-type=\"page\">\n\t\t\t\t<div class=\"wd-negative-gap elementor-element elementor-element-7c7c544 e-flex e-con-boxed e-con e-parent\" data-id=\"7c7c544\" data-element_type=\"container\" data-e-type=\"container\">\n\t\t\t\t\t<div class=\"e-con-inner\">\n\t\t<div class=\"elementor-element elementor-element-e7cb5cd e-con-full e-flex e-con e-child\" data-id=\"e7cb5cd\" data-element_type=\"container\" data-e-type=\"container\">\n\t\t\t\t<div class=\"elementor-element elementor-element-56aec39 elementor-widget elementor-widget-wd_image_or_svg\" data-id=\"56aec39\" data-element_type=\"widget\" data-e-type=\"widget\" data-widget_type=\"wd_image_or_svg.default\">\n\t\t\t\t<div class=\"elementor-widget-container\">\n\t\t\t\t\t\n\t\t<div class=\"wd-image text-left\">\n\t\t\t\t\t\t\t\t<img loading=\"lazy\" decoding=\"async\" width=\"1280\" height=\"720\" src=\"https:\/\/imdkmedical.com\/wp-content\/uploads\/2025\/10\/\u6df1\u5733\u529e\u516c\u5927\u697c.jpg\" class=\"attachment-full size-full\" alt=\"\" srcset=\"https:\/\/imdkmedical.com\/wp-content\/uploads\/2025\/10\/\u6df1\u5733\u529e\u516c\u5927\u697c.jpg 1280w, https:\/\/imdkmedical.com\/wp-content\/uploads\/2025\/10\/\u6df1\u5733\u529e\u516c\u5927\u697c-400x225.jpg 400w, https:\/\/imdkmedical.com\/wp-content\/uploads\/2025\/10\/\u6df1\u5733\u529e\u516c\u5927\u697c-768x432.jpg 768w, https:\/\/imdkmedical.com\/wp-content\/uploads\/2025\/10\/\u6df1\u5733\u529e\u516c\u5927\u697c-430x242.jpg 430w, https:\/\/imdkmedical.com\/wp-content\/uploads\/2025\/10\/\u6df1\u5733\u529e\u516c\u5927\u697c-700x394.jpg 700w, https:\/\/imdkmedical.com\/wp-content\/uploads\/2025\/10\/\u6df1\u5733\u529e\u516c\u5927\u697c-150x84.jpg 150w\" sizes=\"auto, (max-width: 1280px) 100vw, 1280px\" \/>\t\t\t\t\t<\/div>\n\n\t\t\t\t\t\t<\/div>\n\t\t\t\t<\/div>\n\t\t\t\t<\/div>\n\t\t<div class=\"elementor-element elementor-element-97d6084 e-con-full e-flex e-con e-child\" data-id=\"97d6084\" data-element_type=\"container\" data-e-type=\"container\">\n\t\t\t\t<div class=\"elementor-element elementor-element-98d830b wd-width-100 elementor-widget elementor-widget-wd_title\" data-id=\"98d830b\" data-element_type=\"widget\" data-e-type=\"widget\" data-widget_type=\"wd_title.default\">\n\t\t\t\t<div class=\"elementor-widget-container\">\n\t\t\t\t\t\t\t<div class=\"title-wrapper wd-set-mb reset-last-child wd-title-color-primary wd-title-style-default wd-title-size-large text-left\">\n\n\t\t\t\n\t\t\t<div class=\"liner-continer\">\n\t\t\t\t<h4 class=\"woodmart-title-container title wd-fontsize-xxl\">\u00c0 propos d'IMDK MEDICAL :<\/h4> \n\t\t\t\t\t\t\t<\/div>\n\n\t\t\t\t\t\t\t<div class=\"title-after_title reset-last-child wd-fontsize-s\">\n\t\t\t\t\t<p>Nous sommes d\u00e9di\u00e9s \u00e0 la conception et \u00e0 la fabrication de produits de sant\u00e9 populaires pour une utilisation \u00e0 domicile et personnelle. Notre mission est d'aider les gens du monde entier \u00e0 poursuivre une vie saine et heureuse.<\/p><p>Dans l'industrie m\u00e9dicale, nous visons l'innovation et le d\u00e9veloppement durable. Et nos produits se vendent bien sur le march\u00e9 mondial, nous avons \u00e9tabli et maintenu des relations de coop\u00e9ration \u00e0 long terme avec des grossistes\/distributeurs fiables partout dans le monde, et nous avons accumul\u00e9 une exp\u00e9rience abondante en ventes et en services apr\u00e8s-vente.<\/p><p>Au fil des ann\u00e9es, nous avons gagn\u00e9 une bonne r\u00e9putation aupr\u00e8s de nos clients gr\u00e2ce \u00e0 la qualit\u00e9 et la performance exceptionnelles de nos produits ; nous respectons et valorisons chaque client, qu'il s'agisse d'individus ou d'\u00e9tablissements m\u00e9dicaux (par exemple, h\u00f4pitaux, cliniques et pharmacies).<\/p>\t\t\t\t<\/div>\n\t\t\t\t\t<\/div>\n\t\t\t\t\t\t<\/div>\n\t\t\t\t<\/div>\n\t\t\t\t<\/div>\n\t\t\t\t\t<\/div>\n\t\t\t\t<\/div>\n\t\t<div class=\"wd-negative-gap elementor-element elementor-element-516cd03 e-flex e-con-boxed e-con e-parent\" data-id=\"516cd03\" data-element_type=\"container\" data-e-type=\"container\">\n\t\t\t\t\t<div class=\"e-con-inner\">\n\t\t<div class=\"elementor-element elementor-element-6c845f9 e-con-full e-flex e-con e-child\" data-id=\"6c845f9\" data-element_type=\"container\" data-e-type=\"container\">\n\t\t\t\t<div class=\"elementor-element elementor-element-a39d51b wd-width-100 elementor-widget elementor-widget-wd_title\" data-id=\"a39d51b\" data-element_type=\"widget\" data-e-type=\"widget\" data-widget_type=\"wd_title.default\">\n\t\t\t\t<div class=\"elementor-widget-container\">\n\t\t\t\t\t\t\t<div class=\"title-wrapper wd-set-mb reset-last-child wd-title-color-primary wd-title-style-default wd-title-size-large text-left\">\n\n\t\t\t\n\t\t\t<div class=\"liner-continer\">\n\t\t\t\t<h4 class=\"woodmart-title-container title wd-fontsize-xxl\">Nous nous concentrons sur la sant\u00e9 familiale :<\/h4> \n\t\t\t\t\t\t\t<\/div>\n\n\t\t\t\t\t\t\t<div class=\"title-after_title reset-last-child wd-fontsize-s\">\n\t\t\t\t\t<p>Lorsque tous vos proches sont en parfaite forme et en bonne sant\u00e9, vous avez une bonne raison de garder une bonne humeur toute la journ\u00e9e. Peut-\u00eatre ressentez-vous le besoin de contacter des m\u00e9decins ou des praticiens pour des contr\u00f4les r\u00e9guliers ; mais si vous pouvez effectuer certains tests de base depuis le confort de votre maison, ce sera plus pratique. Et c'est ce que IMDK peut vous offrir.<\/p><p>IMDK vous aide \u00e0 r\u00e9duire les proc\u00e9dures de contr\u00f4le inutiles et co\u00fbteuses qui sont g\u00e9n\u00e9ralement effectu\u00e9es dans un \u00e9tablissement de sant\u00e9 (par exemple, h\u00f4pitaux, cliniques et maisons de retraite).<\/p>\t\t\t\t<\/div>\n\t\t\t\t\t<\/div>\n\t\t\t\t\t\t<\/div>\n\t\t\t\t<\/div>\n\t\t<div class=\"elementor-element elementor-element-d242622 e-grid e-con-full e-con e-child\" data-id=\"d242622\" data-element_type=\"container\" data-e-type=\"container\">\n\t\t\t\t<div class=\"elementor-element elementor-element-d2828d1 elementor-position-top elementor-widget elementor-widget-image-box\" data-id=\"d2828d1\" data-element_type=\"widget\" data-e-type=\"widget\" data-widget_type=\"image-box.default\">\n\t\t\t\t\t<div class=\"elementor-image-box-wrapper\"><figure class=\"elementor-image-box-img\"><img loading=\"lazy\" decoding=\"async\" width=\"758\" height=\"748\" src=\"https:\/\/imdkmedical.com\/wp-content\/uploads\/2025\/11\/weima10308.jpg\" class=\"attachment-full size-full wp-image-30385\" alt=\"\" srcset=\"https:\/\/imdkmedical.com\/wp-content\/uploads\/2025\/11\/weima10308.jpg 758w, https:\/\/imdkmedical.com\/wp-content\/uploads\/2025\/11\/weima10308-304x300.jpg 304w, https:\/\/imdkmedical.com\/wp-content\/uploads\/2025\/11\/weima10308-430x424.jpg 430w, https:\/\/imdkmedical.com\/wp-content\/uploads\/2025\/11\/weima10308-700x691.jpg 700w, https:\/\/imdkmedical.com\/wp-content\/uploads\/2025\/11\/weima10308-150x148.jpg 150w\" sizes=\"auto, (max-width: 758px) 100vw, 758px\" \/><\/figure><div class=\"elementor-image-box-content\"><h3 class=\"elementor-image-box-title\">Si\u00e8ge social d'IMDK \u00e0 Shenzhen<\/h3><\/div><\/div>\t\t\t\t<\/div>\n\t\t\t\t<div class=\"elementor-element elementor-element-333ca59 elementor-position-top elementor-widget elementor-widget-image-box\" data-id=\"333ca59\" data-element_type=\"widget\" data-e-type=\"widget\" data-widget_type=\"image-box.default\">\n\t\t\t\t\t<div class=\"elementor-image-box-wrapper\"><figure class=\"elementor-image-box-img\"><img loading=\"lazy\" decoding=\"async\" width=\"758\" height=\"753\" src=\"https:\/\/imdkmedical.com\/wp-content\/uploads\/2025\/11\/1038erweima-e1764123445806.jpg\" class=\"attachment-full size-full wp-image-30384\" alt=\"\" \/><\/figure><div class=\"elementor-image-box-content\"><h3 class=\"elementor-image-box-title\">Usine IMDK Hunan<\/h3><\/div><\/div>\t\t\t\t<\/div>\n\t\t\t\t<\/div>\n\t\t\t\t<\/div>\n\t\t<div class=\"elementor-element elementor-element-b2c47f3 e-con-full e-flex e-con e-child\" data-id=\"b2c47f3\" data-element_type=\"container\" data-e-type=\"container\">\n\t\t\t\t<div class=\"elementor-element elementor-element-113f3be elementor-widget elementor-widget-wd_image_or_svg\" data-id=\"113f3be\" data-element_type=\"widget\" data-e-type=\"widget\" data-widget_type=\"wd_image_or_svg.default\">\n\t\t\t\t<div class=\"elementor-widget-container\">\n\t\t\t\t\t\n\t\t<div class=\"wd-image text-right\">\n\t\t\t\t\t\t\t\t<img loading=\"lazy\" decoding=\"async\" width=\"433\" height=\"410\" src=\"https:\/\/imdkmedical.com\/wp-content\/uploads\/2025\/10\/family-health-433x410.jpg\" class=\"attachment-x410 size-x410\" alt=\"\" srcset=\"https:\/\/imdkmedical.com\/wp-content\/uploads\/2025\/10\/family-health-433x410.jpg 433w, https:\/\/imdkmedical.com\/wp-content\/uploads\/2025\/10\/family-health-317x300.jpg 317w, https:\/\/imdkmedical.com\/wp-content\/uploads\/2025\/10\/family-health-430x408.jpg 430w, https:\/\/imdkmedical.com\/wp-content\/uploads\/2025\/10\/family-health-150x142.jpg 150w, https:\/\/imdkmedical.com\/wp-content\/uploads\/2025\/10\/family-health-567x537.jpg 567w, https:\/\/imdkmedical.com\/wp-content\/uploads\/2025\/10\/family-health-535x507.jpg 535w, https:\/\/imdkmedical.com\/wp-content\/uploads\/2025\/10\/family-health-429x407.jpg 429w, https:\/\/imdkmedical.com\/wp-content\/uploads\/2025\/10\/family-health-440x417.jpg 440w, https:\/\/imdkmedical.com\/wp-content\/uploads\/2025\/10\/family-health.jpg 633w\" sizes=\"auto, (max-width: 433px) 100vw, 433px\" \/>\t\t\t\t\t<\/div>\n\n\t\t\t\t\t\t<\/div>\n\t\t\t\t<\/div>\n\t\t\t\t<\/div>\n\t\t\t\t\t<\/div>\n\t\t\t\t<\/div>\n\t\t<div class=\"wd-negative-gap elementor-element elementor-element-9daccd4 e-flex e-con-boxed e-con e-parent\" data-id=\"9daccd4\" data-element_type=\"container\" data-e-type=\"container\">\n\t\t\t\t\t<div class=\"e-con-inner\">\n\t\t\t\t<div class=\"elementor-element elementor-element-93d8b0b elementor-widget elementor-widget-heading\" data-id=\"93d8b0b\" data-element_type=\"widget\" data-e-type=\"widget\" data-widget_type=\"heading.default\">\n\t\t\t\t\t<h2 class=\"elementor-heading-title elementor-size-default\">Nos produits phares :<\/h2>\t\t\t\t<\/div>\n\t\t\t\t\t<\/div>\n\t\t\t\t<\/div>\n\t\t<div class=\"wd-negative-gap elementor-element elementor-element-041e2d9 wd-section-stretch e-flex e-con-boxed e-con e-parent\" data-id=\"041e2d9\" data-element_type=\"container\" data-e-type=\"container\">\n\t\t\t\t\t<div class=\"e-con-inner\">\n\t\t<div class=\"elementor-element elementor-element-b697272 e-con-full e-flex e-con e-child\" data-id=\"b697272\" data-element_type=\"container\" data-e-type=\"container\">\n\t\t\t\t<div class=\"elementor-element elementor-element-95c4b36 elementor-widget elementor-widget-image\" data-id=\"95c4b36\" data-element_type=\"widget\" data-e-type=\"widget\" data-widget_type=\"image.default\">\n\t\t\t\t\t\t\t\t\t\t\t\t\t\t\t<img loading=\"lazy\" decoding=\"async\" width=\"800\" height=\"800\" src=\"https:\/\/imdkmedical.com\/wp-content\/uploads\/2025\/10\/A2\u96fe\u5316\u5668.406_\u7ed3\u679c.webp\" class=\"attachment-large size-large wp-image-29216\" alt=\"\" srcset=\"https:\/\/imdkmedical.com\/wp-content\/uploads\/2025\/10\/A2\u96fe\u5316\u5668.406_\u7ed3\u679c.webp 800w, https:\/\/imdkmedical.com\/wp-content\/uploads\/2025\/10\/A2\u96fe\u5316\u5668.406_\u7ed3\u679c-300x300.webp 300w, https:\/\/imdkmedical.com\/wp-content\/uploads\/2025\/10\/A2\u96fe\u5316\u5668.406_\u7ed3\u679c-150x150.webp 150w, https:\/\/imdkmedical.com\/wp-content\/uploads\/2025\/10\/A2\u96fe\u5316\u5668.406_\u7ed3\u679c-768x768.webp 768w, https:\/\/imdkmedical.com\/wp-content\/uploads\/2025\/10\/A2\u96fe\u5316\u5668.406_\u7ed3\u679c-430x430.webp 430w, https:\/\/imdkmedical.com\/wp-content\/uploads\/2025\/10\/A2\u96fe\u5316\u5668.406_\u7ed3\u679c-700x700.webp 700w\" sizes=\"auto, (max-width: 800px) 100vw, 800px\" \/>\t\t\t\t\t\t\t\t\t\t\t\t\t\t\t<\/div>\n\t\t\t\t<div class=\"elementor-element elementor-element-f46146b color-scheme-inherit text-left elementor-widget elementor-widget-text-editor\" data-id=\"f46146b\" data-element_type=\"widget\" data-e-type=\"widget\" data-widget_type=\"text-editor.default\">\n\t\t\t\t\t\t\t\t\t<p><strong>Oxym\u00e8tre de pouls \u00e0 doigt IMDK :<\/strong>\u00a0en quelques secondes apr\u00e8s avoir utilis\u00e9 ce petit dispositif en forme de pince, vous pouvez facilement conna\u00eetre votre fr\u00e9quence cardiaque et votre taux d'oxyg\u00e8ne dans le sang.<\/p>\t\t\t\t\t\t\t\t<\/div>\n\t\t\t\t<\/div>\n\t\t<div class=\"elementor-element elementor-element-c44d471 e-con-full e-flex e-con e-child\" data-id=\"c44d471\" data-element_type=\"container\" data-e-type=\"container\">\n\t\t\t\t<div class=\"elementor-element elementor-element-7301c7e elementor-widget elementor-widget-image\" data-id=\"7301c7e\" data-element_type=\"widget\" data-e-type=\"widget\" data-widget_type=\"image.default\">\n\t\t\t\t\t\t\t\t\t\t\t\t\t\t\t<img loading=\"lazy\" decoding=\"async\" width=\"800\" height=\"800\" src=\"https:\/\/imdkmedical.com\/wp-content\/uploads\/2021\/08\/01_\u7ed3\u679c.webp\" class=\"attachment-large size-large wp-image-29159\" alt=\"\" srcset=\"https:\/\/imdkmedical.com\/wp-content\/uploads\/2021\/08\/01_\u7ed3\u679c.webp 800w, https:\/\/imdkmedical.com\/wp-content\/uploads\/2021\/08\/01_\u7ed3\u679c-300x300.webp 300w, https:\/\/imdkmedical.com\/wp-content\/uploads\/2021\/08\/01_\u7ed3\u679c-150x150.webp 150w, https:\/\/imdkmedical.com\/wp-content\/uploads\/2021\/08\/01_\u7ed3\u679c-768x768.webp 768w, https:\/\/imdkmedical.com\/wp-content\/uploads\/2021\/08\/01_\u7ed3\u679c-430x430.webp 430w, https:\/\/imdkmedical.com\/wp-content\/uploads\/2021\/08\/01_\u7ed3\u679c-700x700.webp 700w\" sizes=\"auto, (max-width: 800px) 100vw, 800px\" \/>\t\t\t\t\t\t\t\t\t\t\t\t\t\t\t<\/div>\n\t\t\t\t<div class=\"elementor-element elementor-element-1bf6675 color-scheme-inherit text-left elementor-widget elementor-widget-text-editor\" data-id=\"1bf6675\" data-element_type=\"widget\" data-e-type=\"widget\" data-widget_type=\"text-editor.default\">\n\t\t\t\t\t\t\t\t\t<p><strong>N\u00e9buliseur en mesh IMDK<\/strong><strong>:<\/strong>\u00a0cette solution de n\u00e9bulisation peut vous offrir un traitement efficace et pratique pour les personnes souffrant de maladies respiratoires chroniques.<\/p>\t\t\t\t\t\t\t\t<\/div>\n\t\t\t\t<\/div>\n\t\t<div class=\"elementor-element elementor-element-e2c9520 e-con-full e-flex e-con e-child\" data-id=\"e2c9520\" data-element_type=\"container\" data-e-type=\"container\">\n\t\t\t\t<div class=\"elementor-element elementor-element-f5469e5 elementor-widget elementor-widget-image\" data-id=\"f5469e5\" data-element_type=\"widget\" data-e-type=\"widget\" data-widget_type=\"image.default\">\n\t\t\t\t\t\t\t\t\t\t\t\t\t\t\t<img loading=\"lazy\" decoding=\"async\" width=\"800\" height=\"800\" src=\"https:\/\/imdkmedical.com\/wp-content\/uploads\/2025\/10\/10005-e1761223514454.jpg\" class=\"attachment-large size-large wp-image-29309\" alt=\"\" \/>\t\t\t\t\t\t\t\t\t\t\t\t\t\t\t<\/div>\n\t\t\t\t<div class=\"elementor-element elementor-element-806ceb2 color-scheme-inherit text-left elementor-widget elementor-widget-text-editor\" data-id=\"806ceb2\" data-element_type=\"widget\" data-e-type=\"widget\" data-widget_type=\"text-editor.default\">\n\t\t\t\t\t\t\t\t\t<p><strong>Doppler f\u0153tal IMDK<\/strong>: pour les femmes enceintes qui pr\u00eatent attention aux soins pr\u00e9natals, il est n\u00e9cessaire d'avoir cet petit transducteur ultrasonique portable pour d\u00e9tecter r\u00e9guli\u00e8rement le battement du c\u0153ur du f\u0153tus.<\/p>\t\t\t\t\t\t\t\t<\/div>\n\t\t\t\t<\/div>\n\t\t\t\t\t<\/div>\n\t\t\t\t<\/div>\n\t\t<div class=\"wd-negative-gap elementor-element elementor-element-df30c9b wd-section-stretch e-flex e-con-boxed e-con e-parent\" data-id=\"df30c9b\" data-element_type=\"container\" data-e-type=\"container\">\n\t\t\t\t\t<div class=\"e-con-inner\">\n\t\t<div class=\"elementor-element elementor-element-61fa7b9 e-con-full e-flex e-con e-child\" data-id=\"61fa7b9\" data-element_type=\"container\" data-e-type=\"container\">\n\t\t\t\t<div class=\"elementor-element elementor-element-4af5e3e elementor-widget elementor-widget-image\" data-id=\"4af5e3e\" data-element_type=\"widget\" data-e-type=\"widget\" data-widget_type=\"image.default\">\n\t\t\t\t\t\t\t\t\t\t\t\t\t\t\t<img loading=\"lazy\" decoding=\"async\" width=\"800\" height=\"800\" src=\"https:\/\/imdkmedical.com\/wp-content\/uploads\/2025\/10\/10006-1.jpg\" class=\"attachment-large size-large wp-image-29368\" alt=\"\" srcset=\"https:\/\/imdkmedical.com\/wp-content\/uploads\/2025\/10\/10006-1.jpg 800w, https:\/\/imdkmedical.com\/wp-content\/uploads\/2025\/10\/10006-1-300x300.jpg 300w, https:\/\/imdkmedical.com\/wp-content\/uploads\/2025\/10\/10006-1-150x150.jpg 150w, https:\/\/imdkmedical.com\/wp-content\/uploads\/2025\/10\/10006-1-768x768.jpg 768w, https:\/\/imdkmedical.com\/wp-content\/uploads\/2025\/10\/10006-1-430x430.jpg 430w, https:\/\/imdkmedical.com\/wp-content\/uploads\/2025\/10\/10006-1-700x700.jpg 700w\" sizes=\"auto, (max-width: 800px) 100vw, 800px\" \/>\t\t\t\t\t\t\t\t\t\t\t\t\t\t\t<\/div>\n\t\t\t\t<div class=\"elementor-element elementor-element-bd8df12 color-scheme-inherit text-left elementor-widget elementor-widget-text-editor\" data-id=\"bd8df12\" data-element_type=\"widget\" data-e-type=\"widget\" data-widget_type=\"text-editor.default\">\n\t\t\t\t\t\t\t\t\t<p><strong>Moniteur de pression art\u00e9rielle IMDK :<\/strong>\u00a0cet appareil est confortable \u00e0 porter au poignet. Et vous pouvez prendre une lecture rapide en pressant un bouton pendant que vous gonflez le brassard.<\/p>\t\t\t\t\t\t\t\t<\/div>\n\t\t\t\t<\/div>\n\t\t<div class=\"elementor-element elementor-element-b062308 e-con-full e-flex e-con e-child\" data-id=\"b062308\" data-element_type=\"container\" data-e-type=\"container\">\n\t\t\t\t<div class=\"elementor-element elementor-element-2edd3a4 elementor-widget elementor-widget-image\" data-id=\"2edd3a4\" data-element_type=\"widget\" data-e-type=\"widget\" data-widget_type=\"image.default\">\n\t\t\t\t\t\t\t\t\t\t\t\t\t\t\t<img loading=\"lazy\" decoding=\"async\" width=\"800\" height=\"800\" src=\"https:\/\/imdkmedical.com\/wp-content\/uploads\/2021\/08\/7_\u7ed3\u679c.webp\" class=\"attachment-large size-large wp-image-29198\" alt=\"\" srcset=\"https:\/\/imdkmedical.com\/wp-content\/uploads\/2021\/08\/7_\u7ed3\u679c.webp 800w, https:\/\/imdkmedical.com\/wp-content\/uploads\/2021\/08\/7_\u7ed3\u679c-300x300.webp 300w, https:\/\/imdkmedical.com\/wp-content\/uploads\/2021\/08\/7_\u7ed3\u679c-150x150.webp 150w, https:\/\/imdkmedical.com\/wp-content\/uploads\/2021\/08\/7_\u7ed3\u679c-768x768.webp 768w, https:\/\/imdkmedical.com\/wp-content\/uploads\/2021\/08\/7_\u7ed3\u679c-430x430.webp 430w, https:\/\/imdkmedical.com\/wp-content\/uploads\/2021\/08\/7_\u7ed3\u679c-700x700.webp 700w\" sizes=\"auto, (max-width: 800px) 100vw, 800px\" \/>\t\t\t\t\t\t\t\t\t\t\t\t\t\t\t<\/div>\n\t\t\t\t<div class=\"elementor-element elementor-element-0f39e12 color-scheme-inherit text-left elementor-widget elementor-widget-text-editor\" data-id=\"0f39e12\" data-element_type=\"widget\" data-e-type=\"widget\" data-widget_type=\"text-editor.default\">\n\t\t\t\t\t\t\t\t\t<p><strong>Concentrateur d'oxyg\u00e8ne IMDK :<\/strong>\u00a0si votre m\u00e9decin vous a prescrit de l'oxyg\u00e8ne suppl\u00e9mentaire, vous pouvez envisager d'utiliser ce concentrateur d'oxyg\u00e8ne portable. Vous pouvez continuer \u00e0 rester actif lorsque vous avez besoin d'oxyg\u00e8ne suppl\u00e9mentaire.<\/p>\t\t\t\t\t\t\t\t<\/div>\n\t\t\t\t<\/div>\n\t\t<div class=\"elementor-element elementor-element-a1260b0 e-con-full e-flex e-con e-child\" data-id=\"a1260b0\" data-element_type=\"container\" data-e-type=\"container\">\n\t\t\t\t<div class=\"elementor-element elementor-element-2a76990 elementor-widget elementor-widget-image\" data-id=\"2a76990\" data-element_type=\"widget\" data-e-type=\"widget\" data-widget_type=\"image.default\">\n\t\t\t\t\t\t\t\t\t\t\t\t\t\t\t<img loading=\"lazy\" decoding=\"async\" width=\"800\" height=\"800\" src=\"https:\/\/imdkmedical.com\/wp-content\/uploads\/2025\/10\/3.jpg\" class=\"attachment-large size-large wp-image-29417\" alt=\"\" srcset=\"https:\/\/imdkmedical.com\/wp-content\/uploads\/2025\/10\/3.jpg 800w, https:\/\/imdkmedical.com\/wp-content\/uploads\/2025\/10\/3-300x300.jpg 300w, https:\/\/imdkmedical.com\/wp-content\/uploads\/2025\/10\/3-150x150.jpg 150w, https:\/\/imdkmedical.com\/wp-content\/uploads\/2025\/10\/3-768x768.jpg 768w, https:\/\/imdkmedical.com\/wp-content\/uploads\/2025\/10\/3-430x430.jpg 430w, https:\/\/imdkmedical.com\/wp-content\/uploads\/2025\/10\/3-700x700.jpg 700w\" sizes=\"auto, (max-width: 800px) 100vw, 800px\" \/>\t\t\t\t\t\t\t\t\t\t\t\t\t\t\t<\/div>\n\t\t\t\t<div class=\"elementor-element elementor-element-f67fcaf color-scheme-inherit text-left elementor-widget elementor-widget-text-editor\" data-id=\"f67fcaf\" data-element_type=\"widget\" data-e-type=\"widget\" data-widget_type=\"text-editor.default\">\n\t\t\t\t\t\t\t\t\t<p><strong>Nettoyeur CPAP \u00e0 l'ozone IMDK :<\/strong>\u00a0cet mini purificateur d'air \u00e0 l'ozone est sp\u00e9cialement con\u00e7u pour d\u00e9sinfecter les machines CPAP ainsi que les accessoires associ\u00e9s.<\/p>\t\t\t\t\t\t\t\t<\/div>\n\t\t\t\t<\/div>\n\t\t\t\t\t<\/div>\n\t\t\t\t<\/div>\n\t\t\t\t<\/div>","protected":false},"excerpt":{"rendered":"<p>About IMDK MEDICAL: We are dedicated to designing and manufacturing popular healthcare products for home use and personal use. It<\/p>","protected":false},"author":1,"featured_media":0,"parent":0,"menu_order":0,"comment_status":"closed","ping_status":"closed","template":"","meta":{"footnotes":""},"class_list":["post-4400","page","type-page","status-publish","hentry"],"_links":{"self":[{"href":"https:\/\/imdkmedical.com\/fr\/wp-json\/wp\/v2\/pages\/4400","targetHints":{"allow":["GET"]}}],"collection":[{"href":"https:\/\/imdkmedical.com\/fr\/wp-json\/wp\/v2\/pages"}],"about":[{"href":"https:\/\/imdkmedical.com\/fr\/wp-json\/wp\/v2\/types\/page"}],"author":[{"embeddable":true,"href":"https:\/\/imdkmedical.com\/fr\/wp-json\/wp\/v2\/users\/1"}],"replies":[{"embeddable":true,"href":"https:\/\/imdkmedical.com\/fr\/wp-json\/wp\/v2\/comments?post=4400"}],"version-history":[{"count":0,"href":"https:\/\/imdkmedical.com\/fr\/wp-json\/wp\/v2\/pages\/4400\/revisions"}],"wp:attachment":[{"href":"https:\/\/imdkmedical.com\/fr\/wp-json\/wp\/v2\/media?parent=4400"}],"curies":[{"name":"wp","href":"https:\/\/api.w.org\/{rel}","templated":true}]}}