{"id":29031,"date":"2025-09-21T23:39:57","date_gmt":"2025-09-21T23:39:57","guid":{"rendered":"https:\/\/cs.maozixifa.cn\/?page_id=29031"},"modified":"2025-11-24T14:25:26","modified_gmt":"2025-11-24T14:25:26","slug":"informations-sur-lentreprise","status":"publish","type":"page","link":"https:\/\/imdkmedical.com\/fr\/informations-sur-lentreprise\/","title":{"rendered":"Informations sur l'entreprise"},"content":{"rendered":"<div data-elementor-type=\"wp-page\" data-elementor-id=\"29031\" class=\"elementor elementor-29031\" data-elementor-post-type=\"page\">\n\t\t\t\t<div class=\"wd-negative-gap elementor-element elementor-element-2f07680 e-flex e-con-boxed e-con e-parent\" data-id=\"2f07680\" data-element_type=\"container\" data-e-type=\"container\">\n\t\t\t\t\t<div class=\"e-con-inner\">\n\t\t\t\t<div class=\"elementor-element elementor-element-d2c77ca color-scheme-inherit text-left elementor-widget elementor-widget-text-editor\" data-id=\"d2c77ca\" data-element_type=\"widget\" data-e-type=\"widget\" data-widget_type=\"text-editor.default\">\n\t\t\t\t\t\t\t\t\t<h3 data-start=\"89\" data-end=\"150\">\u00c0 propos d'IMDK \u2013 Fabricant professionnel de dispositifs m\u00e9dicaux<\/h3><p data-start=\"152\" data-end=\"519\"><strong data-start=\"152\" data-end=\"209\">Shenzhen IMDK Medical Technology Co., Ltd. (Marque : IMDK)<\/strong> est un <strong data-start=\"215\" data-end=\"254\">fabricant de dispositifs m\u00e9dicaux de premier plan<\/strong> d\u00e9di\u00e9 \u00e0 la <strong data-start=\"272\" data-end=\"379\">recherche, d\u00e9veloppement et production de oxym\u00e8tres de pouls pour le bout des doigts et de solutions de surveillance de la sant\u00e9 \u00e0 domicile<\/strong>.<br data-start=\"380\" data-end=\"383\" \/>Situ\u00e9e \u00e0 Shenzhen, en Chine, notre usine couvre <strong data-start=\"430\" data-end=\"459\">plus de 12 000 m\u00e8tres carr\u00e9s<\/strong> et fonctionne selon des normes strictes de qualit\u00e9 et de production.<\/p><p data-start=\"521\" data-end=\"918\">Avec un <strong data-start=\"528\" data-end=\"547\">\u00e9quipe de R&amp;D solide<\/strong> et <strong data-start=\"552\" data-end=\"592\">plus de 15 ans d'exp\u00e9rience dans l'industrie<\/strong>, IMDK a ma\u00eetris\u00e9 la <strong data-start=\"616\" data-end=\"644\">technologie d'oxym\u00e9trie de base<\/strong> et d\u00e9tient plusieurs <strong data-start=\"664\" data-end=\"691\">brevets et innovations<\/strong> dans les dispositifs de surveillance de la sant\u00e9.<br data-start=\"721\" data-end=\"724\" \/>Nos principaux produits incluent <strong data-start=\"750\" data-end=\"861\">oxym\u00e8tres de bout des doigts, tensiom\u00e8tres, glucom\u00e8tres, thermom\u00e8tres frontaux et capteurs SpO2<\/strong>, tous connus pour <strong data-start=\"877\" data-end=\"917\">pr\u00e9cision, fiabilit\u00e9 et stabilit\u00e9<\/strong>.<\/p><p data-start=\"920\" data-end=\"1202\">Les produits IMDK sont certifi\u00e9s avec <strong data-start=\"953\" data-end=\"991\">ISO13485, CE, FDA, REACH, et ROHS<\/strong>, et sont export\u00e9s vers plus de <strong data-start=\"1023\" data-end=\"1040\">100 pays<\/strong> \u00e0 travers <strong data-start=\"1048\" data-end=\"1077\">l'Europe, l'Am\u00e9rique et l'Asie<\/strong>.<br data-start=\"1078\" data-end=\"1081\" \/>Nous coop\u00e9rons fi\u00e8rement avec des marques de soins de sant\u00e9 internationales telles que <strong data-start=\"1147\" data-end=\"1201\">Beurer, Microlife, GE Healthcare, Medline, et CVS<\/strong>.<\/p><p data-start=\"1204\" data-end=\"1368\">Pouss\u00e9s par l'innovation et l'engagement envers la qualit\u00e9, <strong data-start=\"1252\" data-end=\"1301\">IMDK fournit des services OEM et ODM professionnels<\/strong>, offrant <strong data-start=\"1314\" data-end=\"1368\">des solutions m\u00e9dicales et de soins \u00e0 domicile fiables dans le monde entier.<\/strong><\/p>\t\t\t\t\t\t\t\t<\/div>\n\t\t\t\t\t<\/div>\n\t\t\t\t<\/div>\n\t\t<div class=\"wd-negative-gap elementor-element elementor-element-57804d0 e-flex e-con-boxed e-con e-parent\" data-id=\"57804d0\" data-element_type=\"container\" data-e-type=\"container\">\n\t\t\t\t\t<div class=\"e-con-inner\">\n\t\t\t\t<div class=\"elementor-element elementor-element-747c4cb elementor-widget elementor-widget-heading\" data-id=\"747c4cb\" data-element_type=\"widget\" data-e-type=\"widget\" data-widget_type=\"heading.default\">\n\t\t\t\t\t<h2 class=\"elementor-heading-title elementor-size-default\">Pourquoi choisir IMDK ?<\/h2>\t\t\t\t<\/div>\n\t\t\t\t<div class=\"elementor-element elementor-element-7b99118 elementor-widget-divider--view-line elementor-widget elementor-widget-divider\" data-id=\"7b99118\" data-element_type=\"widget\" data-e-type=\"widget\" data-widget_type=\"divider.default\">\n\t\t\t\t\t\t\t<div class=\"elementor-divider\">\n\t\t\t<span class=\"elementor-divider-separator\">\n\t\t\t\t\t\t<\/span>\n\t\t<\/div>\n\t\t\t\t\t\t<\/div>\n\t\t\t\t<div class=\"elementor-element elementor-element-c598506 color-scheme-inherit text-left elementor-widget elementor-widget-text-editor\" data-id=\"c598506\" data-element_type=\"widget\" data-e-type=\"widget\" data-widget_type=\"text-editor.default\">\n\t\t\t\t\t\t\t\t\t<p data-start=\"119\" data-end=\"329\">Avec plus de <strong data-start=\"129\" data-end=\"155\">15 ans d'exp\u00e9rience<\/strong> dans la fabrication de <strong data-start=\"169\" data-end=\"229\">oxym\u00e8tres de bout de doigt et d'\u00e9quipements de surveillance de la sant\u00e9 \u00e0 domicile<\/strong>, <strong data-start=\"231\" data-end=\"239\">IMDK<\/strong> est devenu l'un des <strong data-start=\"262\" data-end=\"326\">fabricants de dispositifs m\u00e9dicaux les plus fiables en Shenzhen, Chine<\/strong>.<\/p><p data-start=\"331\" data-end=\"686\">Nous avons maintenu <strong data-start=\"350\" data-end=\"376\">des partenariats \u00e0 long terme<\/strong> avec des clients dans <strong data-start=\"399\" data-end=\"433\">la France, la Malaisie, le Japon<\/strong>, et dans de nombreux autres pays. Rien qu'au cours de l'ann\u00e9e \u00e9coul\u00e9e, notre <strong data-start=\"489\" data-end=\"537\">production annuelle a d\u00e9pass\u00e9 2,1 millions d'unit\u00e9s<\/strong>, desservant des clients dans <strong data-start=\"558\" data-end=\"683\">les march\u00e9s publics, les cliniques communautaires, les cha\u00eenes internationales de supermarch\u00e9s et de pharmacies, ainsi que les plateformes de commerce \u00e9lectronique mondiales<\/strong>.<\/p><p data-start=\"688\" data-end=\"1027\">Les produits IMDK sont certifi\u00e9s par <strong data-start=\"719\" data-end=\"744\">FDA, CE, et ISO13485<\/strong>, et ont \u00e9t\u00e9 <strong data-start=\"760\" data-end=\"808\">export\u00e9s vers plus de 80 pays dans le monde<\/strong>.<br data-start=\"809\" data-end=\"812\" \/>Notre force d'innovation est soutenue par <strong data-start=\"852\" data-end=\"899\">de nombreux brevets nationaux et internationaux<\/strong>, ainsi que par <strong data-start=\"912\" data-end=\"935\">des droits d'auteur sur des logiciels<\/strong> dans des domaines tels que la gestion des donn\u00e9es du oxym\u00e8tre, l'analyse du signal, et les syst\u00e8mes d'interaction utilisateur.<\/p><p data-start=\"1029\" data-end=\"1208\">Pour <strong data-start=\"1033\" data-end=\"1100\">support technique, personnalisation OEM\/ODM ou demandes de devis<\/strong>, n'h\u00e9sitez pas \u00e0 <strong data-start=\"1122\" data-end=\"1160\">contacter l'\u00e9quipe professionnelle IMDK<\/strong> \u2014 nous sommes toujours pr\u00eats \u00e0 soutenir votre activit\u00e9.<\/p>\t\t\t\t\t\t\t\t<\/div>\n\t\t\t\t\t<\/div>\n\t\t\t\t<\/div>\n\t\t\t\t<\/div>","protected":false},"excerpt":{"rendered":"<p>About IMDK \u2013 Professional Medical Device Manufacturer Shenzhen IMDK Medical Technology Co., Ltd.(Brand: IMDK) is a leading medical device manufacturer<\/p>","protected":false},"author":1,"featured_media":0,"parent":0,"menu_order":0,"comment_status":"closed","ping_status":"closed","template":"elementor_header_footer","meta":{"footnotes":""},"class_list":["post-29031","page","type-page","status-publish","hentry"],"_links":{"self":[{"href":"https:\/\/imdkmedical.com\/fr\/wp-json\/wp\/v2\/pages\/29031","targetHints":{"allow":["GET"]}}],"collection":[{"href":"https:\/\/imdkmedical.com\/fr\/wp-json\/wp\/v2\/pages"}],"about":[{"href":"https:\/\/imdkmedical.com\/fr\/wp-json\/wp\/v2\/types\/page"}],"author":[{"embeddable":true,"href":"https:\/\/imdkmedical.com\/fr\/wp-json\/wp\/v2\/users\/1"}],"replies":[{"embeddable":true,"href":"https:\/\/imdkmedical.com\/fr\/wp-json\/wp\/v2\/comments?post=29031"}],"version-history":[{"count":0,"href":"https:\/\/imdkmedical.com\/fr\/wp-json\/wp\/v2\/pages\/29031\/revisions"}],"wp:attachment":[{"href":"https:\/\/imdkmedical.com\/fr\/wp-json\/wp\/v2\/media?parent=29031"}],"curies":[{"name":"wp","href":"https:\/\/api.w.org\/{rel}","templated":true}]}}