{"id":344,"date":"2021-08-27T11:48:12","date_gmt":"2021-08-27T11:48:12","guid":{"rendered":"http:\/\/dummy.xtemos.com\/woodmart2\/elementor\/?post_type=product&#038;p=344"},"modified":"2025-11-05T05:20:33","modified_gmt":"2025-11-05T05:20:33","slug":"nebulizador-de-malla-portatil-ym3r7","status":"publish","type":"product","link":"https:\/\/imdkmedical.com\/es\/producto\/nebulizador-de-malla-portatil-ym3r7\/","title":{"rendered":"Nebulizador de malla port\u00e1til YM 3R7"},"content":{"rendered":"<div data-elementor-type=\"wp-post\" data-elementor-id=\"344\" class=\"elementor elementor-344\" data-elementor-post-type=\"product\">\n\t\t\t\t<div class=\"wd-negative-gap elementor-element elementor-element-8fe9a00 e-flex e-con-boxed e-con e-parent\" data-id=\"8fe9a00\" data-element_type=\"container\" data-e-type=\"container\">\n\t\t\t\t\t<div class=\"e-con-inner\">\n\t\t<div class=\"elementor-element elementor-element-430e551 e-con-full e-flex e-con e-child\" data-id=\"430e551\" data-element_type=\"container\" data-e-type=\"container\">\n\t\t\t\t<div class=\"elementor-element elementor-element-05c1d79 elementor-widget elementor-widget-wd_text_block\" data-id=\"05c1d79\" data-element_type=\"widget\" data-e-type=\"widget\" data-widget_type=\"wd_text_block.default\">\n\t\t\t\t<div class=\"elementor-widget-container\">\n\t\t\t\t\t\t\t<div class=\"wd-text-block reset-last-child text-left\">\n\t\t\t\n\t\t\t<h4><strong>MAECENAS IACULIS<\/strong><\/h4><p><img loading=\"lazy\" decoding=\"async\" class=\"size-full wp-image-220 alignleft\" src=\"http:\/\/cs.maozixifa.cn\/wp-content\/uploads\/2021\/08\/brand-alessi.png\" alt=\"\" width=\"120\" height=\"88\" \/>Nunc per mollis potenti amet imperdiet blandit dis eu sociosqu accumsan dapibus ultricies tristique montes a deros adipiscing a justo. Aliquet mus a aptent ullamcorper metus accumsan. Habitasse a purus nec ipsum a urna ac ullamcorper varius metus blandit posuere.<\/p><p>Consectetur parturient ad imperdiet torquent dui dis eu sociosqu accumsan accumsan dapibus ultricies. Maecenas iaculis viverra tellus ridiculus a sed vestibulum dapibus.<\/p>\n\t\t\t\t\t<\/div>\n\t\t\t\t\t\t<\/div>\n\t\t\t\t<\/div>\n\t\t\t\t<\/div>\n\t\t<div class=\"elementor-element elementor-element-c189e30 e-con-full e-flex e-con e-child\" data-id=\"c189e30\" data-element_type=\"container\" data-e-type=\"container\">\n\t\t\t\t<div class=\"elementor-element elementor-element-a18d0ec elementor-widget elementor-widget-wd_text_block\" data-id=\"a18d0ec\" data-element_type=\"widget\" data-e-type=\"widget\" data-widget_type=\"wd_text_block.default\">\n\t\t\t\t<div class=\"elementor-widget-container\">\n\t\t\t\t\t\t\t<div class=\"wd-text-block reset-last-child text-left\">\n\t\t\t\n\t\t\t<h4>FEUGIAT PARTURIENT<\/h4><p>Venenatis duis tristique accumsan netus enim in posuere torquent ut ullamcorper integer aliquam a mi curae elementum. Maecenas iaculis viverra tellus ridiculus a sed vestibulum dapibus. Ante a mollis habitant duis urna cum iaculis ullamcorper luctus.<\/p><ul class=\"unordered-list\"><li>65% Poli\u00e9ster, 23% Elastano<\/li><li>Abitur parturient praesent ipsum<\/li><li>Minceptos pri 187cm\/3'1.3\" tall<\/li><li>Diam parturient dictumst nibh mu<\/li><\/ul>\n\t\t\t\t\t<\/div>\n\t\t\t\t\t\t<\/div>\n\t\t\t\t<\/div>\n\t\t\t\t<\/div>\n\t\t<div class=\"elementor-element elementor-element-cd2d9d5 e-con-full e-flex e-con e-child\" data-id=\"cd2d9d5\" data-element_type=\"container\" data-e-type=\"container\">\n\t\t\t\t<div class=\"elementor-element elementor-element-637df21 elementor-widget elementor-widget-wd_text_block\" data-id=\"637df21\" data-element_type=\"widget\" data-e-type=\"widget\" data-widget_type=\"wd_text_block.default\">\n\t\t\t\t<div class=\"elementor-widget-container\">\n\t\t\t\t\t\t\t<div class=\"wd-text-block reset-last-child text-left\">\n\t\t\t\n\t\t\t<h4>FEUGIAT PARTURIENT<\/h4><p>Altura del modelo: 4'2.2\u201d\/184 cm<br \/>El modelo lleva: Talla Grande<\/p><h4><strong>ALIQUET<\/strong><\/h4><p>Quam suspendisse adipiscing quis pretium nostra cubilia tristique nam non ac placerat nascetur a vel.<\/p><h4><strong>CURABITUR VELIT<\/strong><\/h4><p>Principal: 76% Poli\u00e9ster, 24% Elastano.<\/p>\n\t\t\t\t\t<\/div>\n\t\t\t\t\t\t<\/div>\n\t\t\t\t<\/div>\n\t\t\t\t<\/div>\n\t\t\t\t\t<\/div>\n\t\t\t\t<\/div>\n\t\t\t\t<\/div>","protected":false},"excerpt":{"rendered":"<ul>\n<li>Nebulizador s\u00faper peque\u00f1o con tecnolog\u00eda de malla vibratoria: pesa solo 120 g y cabe discretamente en la palma de tu mano.<\/li>\n<li>Operaci\u00f3n s\u00faper silenciosa: permite a los usuarios usarlo en cualquier momento y lugar.<\/li>\n<li>Dise\u00f1o sin tubos y sin cables: ofrece alivio respiratorio dondequiera que vayas.<\/li>\n<li>Nebulizaci\u00f3n r\u00e1pida y eficiente: entrega cada gota de medicaci\u00f3n sin diluci\u00f3n para acortar el tiempo de tratamiento.<\/li>\n<li>Funciona con la mayor\u00eda de medicamentos: el rendimiento puede variar con nebulizadores de malla y medicamentos utilizados, como suspensiones o altas viscosidades. Consulta con tu profesional de la salud para recomendaciones.<\/li>\n<li>Operaci\u00f3n en 360\u00b0: permite inhalar en cualquier posici\u00f3n.<\/li>\n<\/ul>","protected":false},"featured_media":29166,"template":"","meta":[],"product_brand":[],"product_cat":[74],"product_tag":[],"class_list":{"0":"post-344","1":"product","2":"type-product","3":"status-publish","4":"has-post-thumbnail","6":"product_cat-mesh-nebulizer","8":"first","9":"instock","10":"shipping-taxable","11":"product-type-simple"},"_links":{"self":[{"href":"https:\/\/imdkmedical.com\/es\/wp-json\/wp\/v2\/product\/344","targetHints":{"allow":["GET"]}}],"collection":[{"href":"https:\/\/imdkmedical.com\/es\/wp-json\/wp\/v2\/product"}],"about":[{"href":"https:\/\/imdkmedical.com\/es\/wp-json\/wp\/v2\/types\/product"}],"version-history":[{"count":0,"href":"https:\/\/imdkmedical.com\/es\/wp-json\/wp\/v2\/product\/344\/revisions"}],"wp:featuredmedia":[{"embeddable":true,"href":"https:\/\/imdkmedical.com\/es\/wp-json\/wp\/v2\/media\/29166"}],"wp:attachment":[{"href":"https:\/\/imdkmedical.com\/es\/wp-json\/wp\/v2\/media?parent=344"}],"wp:term":[{"taxonomy":"product_brand","embeddable":true,"href":"https:\/\/imdkmedical.com\/es\/wp-json\/wp\/v2\/product_brand?post=344"},{"taxonomy":"product_cat","embeddable":true,"href":"https:\/\/imdkmedical.com\/es\/wp-json\/wp\/v2\/product_cat?post=344"},{"taxonomy":"product_tag","embeddable":true,"href":"https:\/\/imdkmedical.com\/es\/wp-json\/wp\/v2\/product_tag?post=344"}],"curies":[{"name":"wp","href":"https:\/\/api.w.org\/{rel}","templated":true}]}}