{"id":31036,"date":"2025-11-29T04:49:08","date_gmt":"2025-11-29T04:49:08","guid":{"rendered":"https:\/\/imdkmedical.com\/?post_type=product&#038;p=31036"},"modified":"2025-11-29T04:51:15","modified_gmt":"2025-11-29T04:51:15","slug":"medidor-de-glucosa-en-sangre-bgm-t1","status":"publish","type":"product","link":"https:\/\/imdkmedical.com\/es\/producto\/medidor-de-glucosa-en-sangre-bgm-t1\/","title":{"rendered":"BGM T1 \u2013 Medidor de Glucosa en Sangre"},"content":{"rendered":"","protected":false},"excerpt":{"rendered":"<ul>\n<li>Precisi\u00f3n cl\u00ednicamente comprobada \u2013 Certificada por CE, FDA y est\u00e1ndares ISO.<\/li>\n<li>Altamente fiable \u2013 98% de resultados dentro de \u00b110% de los valores de laboratorio.<\/li>\n<li>Tiras reactivas de 8 electrodos \u2013 Estables y precisas en cualquier condici\u00f3n.<\/li>\n<li>Prueba r\u00e1pida \u2013 Solo 5 segundos y 5\u00b5L de sangre.<\/li>\n<li>Amplia aplicaci\u00f3n \u2013 Adecuado para todas las edades y condiciones de salud.<\/li>\n<li>Dise\u00f1o de codificaci\u00f3n autom\u00e1tica \u2013 Inserte la tira y pruebe al instante.<\/li>\n<li>Calidad confiable \u2013 M\u00e1s de 10 a\u00f1os sin recalls.<\/li>\n<li>F\u00e1cil de usar \u2013 Pantalla clara y operaci\u00f3n sencilla con un toque.<\/li>\n<\/ul>","protected":false},"featured_media":31037,"template":"","meta":[],"product_brand":[],"product_cat":[28],"product_tag":[],"class_list":{"0":"post-31036","1":"product","2":"type-product","3":"status-publish","4":"has-post-thumbnail","6":"product_cat-blood-sugar-and-uric-acid","8":"first","9":"instock","10":"shipping-taxable","11":"product-type-simple"},"_links":{"self":[{"href":"https:\/\/imdkmedical.com\/es\/wp-json\/wp\/v2\/product\/31036","targetHints":{"allow":["GET"]}}],"collection":[{"href":"https:\/\/imdkmedical.com\/es\/wp-json\/wp\/v2\/product"}],"about":[{"href":"https:\/\/imdkmedical.com\/es\/wp-json\/wp\/v2\/types\/product"}],"version-history":[{"count":0,"href":"https:\/\/imdkmedical.com\/es\/wp-json\/wp\/v2\/product\/31036\/revisions"}],"wp:featuredmedia":[{"embeddable":true,"href":"https:\/\/imdkmedical.com\/es\/wp-json\/wp\/v2\/media\/31037"}],"wp:attachment":[{"href":"https:\/\/imdkmedical.com\/es\/wp-json\/wp\/v2\/media?parent=31036"}],"wp:term":[{"taxonomy":"product_brand","embeddable":true,"href":"https:\/\/imdkmedical.com\/es\/wp-json\/wp\/v2\/product_brand?post=31036"},{"taxonomy":"product_cat","embeddable":true,"href":"https:\/\/imdkmedical.com\/es\/wp-json\/wp\/v2\/product_cat?post=31036"},{"taxonomy":"product_tag","embeddable":true,"href":"https:\/\/imdkmedical.com\/es\/wp-json\/wp\/v2\/product_tag?post=31036"}],"curies":[{"name":"wp","href":"https:\/\/api.w.org\/{rel}","templated":true}]}}