{"id":30721,"date":"2025-11-22T03:00:45","date_gmt":"2025-11-22T03:00:45","guid":{"rendered":"https:\/\/imdkmedical.com\/?post_type=product&#038;p=30721"},"modified":"2025-11-29T04:36:24","modified_gmt":"2025-11-29T04:36:24","slug":"tipo-de-brazo-3-en-1-presion-arterial-glucosa-sanguinea-acido-urico","status":"publish","type":"product","link":"https:\/\/imdkmedical.com\/es\/producto\/tipo-de-brazo-3-en-1-presion-arterial-glucosa-sanguinea-acido-urico\/","title":{"rendered":"Tipo de brazo 3 en 1 \u2013 Presi\u00f3n arterial, Az\u00facar en sangre, \u00c1cido \u00farico"},"content":{"rendered":"","protected":false},"excerpt":{"rendered":"","protected":false},"featured_media":31031,"template":"","meta":[],"product_brand":[],"product_cat":[28],"product_tag":[],"class_list":{"0":"post-30721","1":"product","2":"type-product","3":"status-publish","4":"has-post-thumbnail","6":"product_cat-blood-sugar-and-uric-acid","8":"first","9":"instock","10":"shipping-taxable","11":"product-type-simple"},"_links":{"self":[{"href":"https:\/\/imdkmedical.com\/es\/wp-json\/wp\/v2\/product\/30721","targetHints":{"allow":["GET"]}}],"collection":[{"href":"https:\/\/imdkmedical.com\/es\/wp-json\/wp\/v2\/product"}],"about":[{"href":"https:\/\/imdkmedical.com\/es\/wp-json\/wp\/v2\/types\/product"}],"version-history":[{"count":0,"href":"https:\/\/imdkmedical.com\/es\/wp-json\/wp\/v2\/product\/30721\/revisions"}],"wp:featuredmedia":[{"embeddable":true,"href":"https:\/\/imdkmedical.com\/es\/wp-json\/wp\/v2\/media\/31031"}],"wp:attachment":[{"href":"https:\/\/imdkmedical.com\/es\/wp-json\/wp\/v2\/media?parent=30721"}],"wp:term":[{"taxonomy":"product_brand","embeddable":true,"href":"https:\/\/imdkmedical.com\/es\/wp-json\/wp\/v2\/product_brand?post=30721"},{"taxonomy":"product_cat","embeddable":true,"href":"https:\/\/imdkmedical.com\/es\/wp-json\/wp\/v2\/product_cat?post=30721"},{"taxonomy":"product_tag","embeddable":true,"href":"https:\/\/imdkmedical.com\/es\/wp-json\/wp\/v2\/product_tag?post=30721"}],"curies":[{"name":"wp","href":"https:\/\/api.w.org\/{rel}","templated":true}]}}