{"id":29369,"date":"2025-10-21T11:16:01","date_gmt":"2025-10-21T11:16:01","guid":{"rendered":"https:\/\/cs.maozixifa.cn\/?post_type=product&#038;p=29369"},"modified":"2025-11-29T04:21:03","modified_gmt":"2025-11-29T04:21:03","slug":"monitor-de-presion-arterial","status":"publish","type":"product","link":"https:\/\/imdkmedical.com\/es\/producto\/monitor-de-presion-arterial\/","title":{"rendered":"Monitor digital de presi\u00f3n arterial de mu\u00f1eca"},"content":{"rendered":"","protected":false},"excerpt":{"rendered":"<ul>\n<li>SYS (sist\u00f3lica): medici\u00f3n de presi\u00f3n alta.<\/li>\n<li>DIA (diast\u00f3lica): medici\u00f3n de presi\u00f3n baja.<\/li>\n<li>Frecuencia del pulso: medici\u00f3n de la frecuencia del pulso.<\/li>\n<li>Hora y fecha: visualizaci\u00f3n de hora y fecha.<\/li>\n<li>Baja tensi\u00f3n: visualizaci\u00f3n del nivel de bater\u00eda.<\/li>\n<li>Visualizaci\u00f3n del nivel de presi\u00f3n arterial: visualizaci\u00f3n del nivel de presi\u00f3n arterial.<\/li>\n<li>Unidad de presi\u00f3n: visualizaci\u00f3n de la unidad de presi\u00f3n arterial.<\/li>\n<li>Otra pantalla: n\u00famero de registros \/ latido del coraz\u00f3n.<\/li>\n<\/ul>","protected":false},"featured_media":29365,"template":"","meta":[],"product_brand":[],"product_cat":[37],"product_tag":[],"class_list":{"0":"post-29369","1":"product","2":"type-product","3":"status-publish","4":"has-post-thumbnail","6":"product_cat-blood-pressure-monitor","8":"first","9":"instock","10":"shipping-taxable","11":"product-type-variable"},"_links":{"self":[{"href":"https:\/\/imdkmedical.com\/es\/wp-json\/wp\/v2\/product\/29369","targetHints":{"allow":["GET"]}}],"collection":[{"href":"https:\/\/imdkmedical.com\/es\/wp-json\/wp\/v2\/product"}],"about":[{"href":"https:\/\/imdkmedical.com\/es\/wp-json\/wp\/v2\/types\/product"}],"version-history":[{"count":0,"href":"https:\/\/imdkmedical.com\/es\/wp-json\/wp\/v2\/product\/29369\/revisions"}],"wp:featuredmedia":[{"embeddable":true,"href":"https:\/\/imdkmedical.com\/es\/wp-json\/wp\/v2\/media\/29365"}],"wp:attachment":[{"href":"https:\/\/imdkmedical.com\/es\/wp-json\/wp\/v2\/media?parent=29369"}],"wp:term":[{"taxonomy":"product_brand","embeddable":true,"href":"https:\/\/imdkmedical.com\/es\/wp-json\/wp\/v2\/product_brand?post=29369"},{"taxonomy":"product_cat","embeddable":true,"href":"https:\/\/imdkmedical.com\/es\/wp-json\/wp\/v2\/product_cat?post=29369"},{"taxonomy":"product_tag","embeddable":true,"href":"https:\/\/imdkmedical.com\/es\/wp-json\/wp\/v2\/product_tag?post=29369"}],"curies":[{"name":"wp","href":"https:\/\/api.w.org\/{rel}","templated":true}]}}