{"id":29031,"date":"2025-09-21T23:39:57","date_gmt":"2025-09-21T23:39:57","guid":{"rendered":"https:\/\/cs.maozixifa.cn\/?page_id=29031"},"modified":"2025-11-24T14:25:26","modified_gmt":"2025-11-24T14:25:26","slug":"informacion-de-la-empresa","status":"publish","type":"page","link":"https:\/\/imdkmedical.com\/es\/informacion-de-la-empresa\/","title":{"rendered":"Informaci\u00f3n de la empresa"},"content":{"rendered":"<div data-elementor-type=\"wp-page\" data-elementor-id=\"29031\" class=\"elementor elementor-29031\" data-elementor-post-type=\"page\">\n\t\t\t\t<div class=\"wd-negative-gap elementor-element elementor-element-2f07680 e-flex e-con-boxed e-con e-parent\" data-id=\"2f07680\" data-element_type=\"container\" data-e-type=\"container\">\n\t\t\t\t\t<div class=\"e-con-inner\">\n\t\t\t\t<div class=\"elementor-element elementor-element-d2c77ca color-scheme-inherit text-left elementor-widget elementor-widget-text-editor\" data-id=\"d2c77ca\" data-element_type=\"widget\" data-e-type=\"widget\" data-widget_type=\"text-editor.default\">\n\t\t\t\t\t\t\t\t\t<h3 data-start=\"89\" data-end=\"150\">Acerca de IMDK \u2013 Fabricante profesional de dispositivos m\u00e9dicos<\/h3><p data-start=\"152\" data-end=\"519\"><strong data-start=\"152\" data-end=\"209\">Shenzhen IMDK Medical Technology Co., Ltd. (Marca: IMDK)<\/strong> es un <strong data-start=\"215\" data-end=\"254\">fabricante l\u00edder de dispositivos m\u00e9dicos<\/strong> dedicado a <strong data-start=\"272\" data-end=\"379\">la investigaci\u00f3n, desarrollo y producci\u00f3n de pulsiox\u00edmetros de punta y soluciones de monitoreo de salud en el hogar<\/strong>.<br data-start=\"380\" data-end=\"383\" \/>Ubicada en Shenzhen, China, nuestra f\u00e1brica cubre <strong data-start=\"430\" data-end=\"459\">m\u00e1s de 12.000 metros cuadrados<\/strong> y opera bajo estrictos est\u00e1ndares de calidad y producci\u00f3n.<\/p><p data-start=\"521\" data-end=\"918\">Con un <strong data-start=\"528\" data-end=\"547\">fuerte equipo de I+D<\/strong> y <strong data-start=\"552\" data-end=\"592\">m\u00e1s de 15 a\u00f1os de experiencia en la industria<\/strong>, IMDK ha dominado la <strong data-start=\"616\" data-end=\"644\">tecnolog\u00eda central de oximetr\u00eda<\/strong> y posee m\u00faltiples <strong data-start=\"664\" data-end=\"691\">patentes e innovaciones<\/strong> en dispositivos de monitoreo de salud.<br data-start=\"721\" data-end=\"724\" \/>Nuestros principales productos incluyen <strong data-start=\"750\" data-end=\"861\">ox\u00edmetros de punta, monitores de presi\u00f3n arterial, medidores de glucosa en sangre, term\u00f3metros frontales y sensores SpO2<\/strong>, todos conocidos por <strong data-start=\"877\" data-end=\"917\">precisi\u00f3n, fiabilidad y estabilidad<\/strong>.<\/p><p data-start=\"920\" data-end=\"1202\">los productos IMDK est\u00e1n certificados con <strong data-start=\"953\" data-end=\"991\">ISO13485, CE, FDA, REACH y ROHS<\/strong>, y se exportan a m\u00e1s de <strong data-start=\"1023\" data-end=\"1040\">100 pa\u00edses<\/strong> a trav\u00e9s de <strong data-start=\"1048\" data-end=\"1077\">Europa, Am\u00e9rica y Asia<\/strong>.<br data-start=\"1078\" data-end=\"1081\" \/>Nos enorgullece colaborar con marcas internacionales de atenci\u00f3n m\u00e9dica como <strong data-start=\"1147\" data-end=\"1201\">Beurer, Microlife, GE Healthcare, Medline y CVS<\/strong>.<\/p><p data-start=\"1204\" data-end=\"1368\">Impulsados por la innovaci\u00f3n y el compromiso con la calidad, <strong data-start=\"1252\" data-end=\"1301\">IMDK ofrece servicios profesionales de OEM y ODM<\/strong>, entregando <strong data-start=\"1314\" data-end=\"1368\">soluciones m\u00e9dicas y de cuidado en el hogar confiables en todo el mundo.<\/strong><\/p>\t\t\t\t\t\t\t\t<\/div>\n\t\t\t\t\t<\/div>\n\t\t\t\t<\/div>\n\t\t<div class=\"wd-negative-gap elementor-element elementor-element-57804d0 e-flex e-con-boxed e-con e-parent\" data-id=\"57804d0\" data-element_type=\"container\" data-e-type=\"container\">\n\t\t\t\t\t<div class=\"e-con-inner\">\n\t\t\t\t<div class=\"elementor-element elementor-element-747c4cb elementor-widget elementor-widget-heading\" data-id=\"747c4cb\" data-element_type=\"widget\" data-e-type=\"widget\" data-widget_type=\"heading.default\">\n\t\t\t\t\t<h2 class=\"elementor-heading-title elementor-size-default\">\u00bfPor qu\u00e9 elegir IMDK?<\/h2>\t\t\t\t<\/div>\n\t\t\t\t<div class=\"elementor-element elementor-element-7b99118 elementor-widget-divider--view-line elementor-widget elementor-widget-divider\" data-id=\"7b99118\" data-element_type=\"widget\" data-e-type=\"widget\" data-widget_type=\"divider.default\">\n\t\t\t\t\t\t\t<div class=\"elementor-divider\">\n\t\t\t<span class=\"elementor-divider-separator\">\n\t\t\t\t\t\t<\/span>\n\t\t<\/div>\n\t\t\t\t\t\t<\/div>\n\t\t\t\t<div class=\"elementor-element elementor-element-c598506 color-scheme-inherit text-left elementor-widget elementor-widget-text-editor\" data-id=\"c598506\" data-element_type=\"widget\" data-e-type=\"widget\" data-widget_type=\"text-editor.default\">\n\t\t\t\t\t\t\t\t\t<p data-start=\"119\" data-end=\"329\">Con m\u00e1s de <strong data-start=\"129\" data-end=\"155\">15 a\u00f1os de experiencia<\/strong> en la producci\u00f3n de <strong data-start=\"169\" data-end=\"229\">ox\u00edmetros de dedo y equipos de monitoreo de salud en el hogar<\/strong>, <strong data-start=\"231\" data-end=\"239\">IMDK<\/strong> se ha convertido en uno de los <strong data-start=\"262\" data-end=\"326\">los fabricantes de dispositivos m\u00e9dicos m\u00e1s confiables en Shenzhen, China<\/strong>.<\/p><p data-start=\"331\" data-end=\"686\">Hemos mantenido <strong data-start=\"350\" data-end=\"376\">sociedades a largo plazo<\/strong> con clientes en <strong data-start=\"399\" data-end=\"433\">Espa\u00f1a, Malasia, Jap\u00f3n<\/strong>, y muchos otros pa\u00edses. Solo en el \u00faltimo a\u00f1o, nuestra <strong data-start=\"489\" data-end=\"537\">producci\u00f3n anual super\u00f3 las 2.1 millones de unidades<\/strong>, sirviendo a clientes en <strong data-start=\"558\" data-end=\"683\">adquisiciones gubernamentales, cl\u00ednicas comunitarias, cadenas internacionales de supermercados y farmacias, y plataformas de comercio electr\u00f3nico global<\/strong>.<\/p><p data-start=\"688\" data-end=\"1027\">Los productos IMDK est\u00e1n certificados por <strong data-start=\"719\" data-end=\"744\">FDA, CE y ISO13485<\/strong>, y han sido <strong data-start=\"760\" data-end=\"808\">exportados a m\u00e1s de 80 pa\u00edses en todo el mundo<\/strong>.<br data-start=\"809\" data-end=\"812\" \/>Nuestra fortaleza en innovaci\u00f3n est\u00e1 respaldada por <strong data-start=\"852\" data-end=\"899\">m\u00faltiples patentes nacionales e internacionales<\/strong>, as\u00ed como <strong data-start=\"912\" data-end=\"935\">derechos de autor de software<\/strong> en \u00e1reas como gesti\u00f3n de datos de ox\u00edmetros, an\u00e1lisis de se\u00f1ales y sistemas de interacci\u00f3n con el usuario.<\/p><p data-start=\"1029\" data-end=\"1208\">Para <strong data-start=\"1033\" data-end=\"1100\">soporte t\u00e9cnico, personalizaci\u00f3n OEM\/ODM, o solicitudes de cotizaci\u00f3n<\/strong>, no dude en <strong data-start=\"1122\" data-end=\"1160\">contactar con el equipo profesional de IMDK<\/strong> \u2014 siempre estamos listos para apoyar su negocio.<\/p>\t\t\t\t\t\t\t\t<\/div>\n\t\t\t\t\t<\/div>\n\t\t\t\t<\/div>\n\t\t\t\t<\/div>","protected":false},"excerpt":{"rendered":"<p>About IMDK \u2013 Professional Medical Device Manufacturer Shenzhen IMDK Medical Technology Co., Ltd.(Brand: IMDK) is a leading medical device manufacturer<\/p>","protected":false},"author":1,"featured_media":0,"parent":0,"menu_order":0,"comment_status":"closed","ping_status":"closed","template":"elementor_header_footer","meta":{"footnotes":""},"class_list":["post-29031","page","type-page","status-publish","hentry"],"_links":{"self":[{"href":"https:\/\/imdkmedical.com\/es\/wp-json\/wp\/v2\/pages\/29031","targetHints":{"allow":["GET"]}}],"collection":[{"href":"https:\/\/imdkmedical.com\/es\/wp-json\/wp\/v2\/pages"}],"about":[{"href":"https:\/\/imdkmedical.com\/es\/wp-json\/wp\/v2\/types\/page"}],"author":[{"embeddable":true,"href":"https:\/\/imdkmedical.com\/es\/wp-json\/wp\/v2\/users\/1"}],"replies":[{"embeddable":true,"href":"https:\/\/imdkmedical.com\/es\/wp-json\/wp\/v2\/comments?post=29031"}],"version-history":[{"count":0,"href":"https:\/\/imdkmedical.com\/es\/wp-json\/wp\/v2\/pages\/29031\/revisions"}],"wp:attachment":[{"href":"https:\/\/imdkmedical.com\/es\/wp-json\/wp\/v2\/media?parent=29031"}],"curies":[{"name":"wp","href":"https:\/\/api.w.org\/{rel}","templated":true}]}}