{"id":29314,"date":"2025-10-21T08:23:35","date_gmt":"2025-10-21T08:23:35","guid":{"rendered":"https:\/\/cs.maozixifa.cn\/?post_type=product&#038;p=29314"},"modified":"2025-11-21T09:18:44","modified_gmt":"2025-11-21T09:18:44","slug":"fetaler-doppler","status":"publish","type":"product","link":"https:\/\/imdkmedical.com\/de\/produkt\/fetaler-doppler\/","title":{"rendered":"F\u00f6taler Doppler"},"content":{"rendered":"","protected":false},"excerpt":{"rendered":"<ul>\n<li>Pr\u00e4zise fetale Herzfrequenzmessung \u2013 Fortschrittliche Dopplertechnologie f\u00fcr die Echtzeit\u00fcberwachung.<\/li>\n<li>Hochsensiver Sonde \u2013 Erfasst klare Herzschlagger\u00e4usche auch in der Fr\u00fchschwangerschaft.<\/li>\n<li>Kristallklarer Ton \u2013 Eingebaute Ger\u00e4uschreduzierung f\u00fcr einen reibungslosen und nat\u00fcrlichen Klang.<\/li>\n<li>Einfache Ein-Knopf-Bedienung \u2013 Einfach, sicher und bequem f\u00fcr den Heimgebrauch.<\/li>\n<li>Tragbares Design \u2013 Leicht und kompakt, ideal f\u00fcr t\u00e4gliche Kontrollen oder Reisen.<\/li>\n<li>Duale H\u00f6roptionen \u2013 Verwendung von Kopfh\u00f6rern oder Lautsprecher f\u00fcr gemeinsames Erlebnis.<\/li>\n<li>Lange Batterielaufzeit \u2013 Geringer Energieverbrauch f\u00fcr l\u00e4ngeren Einsatz.<\/li>\n<li>Zertifiziert sicher &amp; zuverl\u00e4ssig \u2013 Erf\u00fcllt medizinische Standards wie FDA, CE, ISO13485.<\/li>\n<\/ul>","protected":false},"featured_media":29309,"template":"","meta":[],"product_brand":[],"product_cat":[30],"product_tag":[],"class_list":{"0":"post-29314","1":"product","2":"type-product","3":"status-publish","4":"has-post-thumbnail","6":"product_cat-fetal-doppler","8":"first","9":"instock","10":"shipping-taxable","11":"product-type-simple"},"_links":{"self":[{"href":"https:\/\/imdkmedical.com\/de\/wp-json\/wp\/v2\/product\/29314","targetHints":{"allow":["GET"]}}],"collection":[{"href":"https:\/\/imdkmedical.com\/de\/wp-json\/wp\/v2\/product"}],"about":[{"href":"https:\/\/imdkmedical.com\/de\/wp-json\/wp\/v2\/types\/product"}],"version-history":[{"count":0,"href":"https:\/\/imdkmedical.com\/de\/wp-json\/wp\/v2\/product\/29314\/revisions"}],"wp:featuredmedia":[{"embeddable":true,"href":"https:\/\/imdkmedical.com\/de\/wp-json\/wp\/v2\/media\/29309"}],"wp:attachment":[{"href":"https:\/\/imdkmedical.com\/de\/wp-json\/wp\/v2\/media?parent=29314"}],"wp:term":[{"taxonomy":"product_brand","embeddable":true,"href":"https:\/\/imdkmedical.com\/de\/wp-json\/wp\/v2\/product_brand?post=29314"},{"taxonomy":"product_cat","embeddable":true,"href":"https:\/\/imdkmedical.com\/de\/wp-json\/wp\/v2\/product_cat?post=29314"},{"taxonomy":"product_tag","embeddable":true,"href":"https:\/\/imdkmedical.com\/de\/wp-json\/wp\/v2\/product_tag?post=29314"}],"curies":[{"name":"wp","href":"https:\/\/api.w.org\/{rel}","templated":true}]}}