{"id":270,"date":"2021-08-26T14:54:11","date_gmt":"2021-08-26T14:54:11","guid":{"rendered":"http:\/\/dummy.xtemos.com\/woodmart2\/elementor\/?post_type=product&#038;p=270"},"modified":"2025-11-13T11:11:58","modified_gmt":"2025-11-13T11:11:58","slug":"sauerstoffkonzentrator","status":"publish","type":"product","link":"https:\/\/imdkmedical.com\/de\/produkt\/sauerstoffkonzentrator\/","title":{"rendered":"Sauerstoffkonzentrator"},"content":{"rendered":"<div data-elementor-type=\"wp-post\" data-elementor-id=\"270\" class=\"elementor elementor-270\" data-elementor-post-type=\"product\">\n\t\t\t\t<div class=\"wd-negative-gap elementor-element elementor-element-f6ae5c4 wd-section-stretch e-flex e-con-boxed e-con e-parent\" data-id=\"f6ae5c4\" data-element_type=\"container\" data-e-type=\"container\" data-settings=\"{&quot;background_background&quot;:&quot;classic&quot;}\">\n\t\t\t\t\t<div class=\"e-con-inner\">\n\t\t<div class=\"elementor-element elementor-element-e613cf7 e-con-full e-flex e-con e-child\" data-id=\"e613cf7\" data-element_type=\"container\" data-e-type=\"container\">\n\t\t\t\t<div class=\"elementor-element elementor-element-744594c elementor-widget elementor-widget-wd_image_or_svg\" data-id=\"744594c\" data-element_type=\"widget\" data-e-type=\"widget\" data-widget_type=\"wd_image_or_svg.default\">\n\t\t\t\t<div class=\"elementor-widget-container\">\n\t\t\t\t\t\n\t\t<div class=\"wd-image text-left\">\n\t\t\t\t\t\t\t\t\t\t\t\t\t<\/div>\n\n\t\t\t\t\t\t<\/div>\n\t\t\t\t<\/div>\n\t\t\t\t<\/div>\n\t\t<div class=\"elementor-element elementor-element-2862197 e-con-full e-flex e-con e-child\" data-id=\"2862197\" data-element_type=\"container\" data-e-type=\"container\">\n\t\t\t\t<div class=\"elementor-element elementor-element-a70ccdf wd-width-100 elementor-widget elementor-widget-wd_title\" data-id=\"a70ccdf\" data-element_type=\"widget\" data-e-type=\"widget\" data-widget_type=\"wd_title.default\">\n\t\t\t\t<div class=\"elementor-widget-container\">\n\t\t\t\t\t\t\t<div class=\"title-wrapper wd-set-mb reset-last-child wd-title-color-primary wd-title-style-underlined wd-title-size-default text-left\">\n\n\t\t\t\n\t\t\t<div class=\"liner-continer\">\n\t\t\t\t<h4 class=\"woodmart-title-container title wd-fontsize-l\">FAMES AD SODALES<\/h4> \n\t\t\t\t\t\t\t<\/div>\n\n\t\t\t\t\t<\/div>\n\t\t\t\t\t\t<\/div>\n\t\t\t\t<\/div>\n\t\t\t\t<div class=\"elementor-element elementor-element-9d6b682 elementor-widget elementor-widget-wd_text_block\" data-id=\"9d6b682\" data-element_type=\"widget\" data-e-type=\"widget\" data-widget_type=\"wd_text_block.default\">\n\t\t\t\t<div class=\"elementor-widget-container\">\n\t\t\t\t\t\t\t<div class=\"wd-text-block reset-last-child text-left\">\n\t\t\t\n\t\t\t<p>Unsere Gew\u00fcrze sind frisch und hochwertig, perfekt f\u00fcr jede Mahlzeit. Wir legen Wert auf nachhaltige Produktion und lokale Zutaten, um Ihnen das beste Geschmackserlebnis zu bieten. Unsere Produkte sind frei von k\u00fcnstlichen Zus\u00e4tzen und werden sorgf\u00e4ltig ausgew\u00e4hlt, um Ihren Anspr\u00fcchen gerecht zu werden.<\/p>\n\t\t\t\t\t<\/div>\n\t\t\t\t\t\t<\/div>\n\t\t\t\t<\/div>\n\t\t\t\t<\/div>\n\t\t<div class=\"elementor-element elementor-element-b564b11 e-con-full e-flex e-con e-child\" data-id=\"b564b11\" data-element_type=\"container\" data-e-type=\"container\">\n\t\t\t\t<div class=\"elementor-element elementor-element-d7cfadf elementor-widget elementor-widget-wd_text_block\" data-id=\"d7cfadf\" data-element_type=\"widget\" data-e-type=\"widget\" data-widget_type=\"wd_text_block.default\">\n\t\t\t\t<div class=\"elementor-widget-container\">\n\t\t\t\t\t\t\t<div class=\"wd-text-block reset-last-child text-left\">\n\t\t\t\n\t\t\t<p>Ligula ein Gew\u00fcrzregal, das speziell f\u00fcr die Zubereitung von Gerichten entwickelt wurde. Es enth\u00e4lt eine Vielzahl von Kr\u00e4utern und Gew\u00fcrzen, die Ihren Speisen eine besondere Note verleihen. Unser Sortiment ist vielseitig und eignet sich sowohl f\u00fcr Hobbyk\u00f6che als auch f\u00fcr Profis.<\/p><p>Elit f\u00fcr alle, die Wert auf Qualit\u00e4t legen. Unsere Gew\u00fcrze sind sorgf\u00e4ltig ausgew\u00e4hlt und bieten ein unvergleichliches Aroma. Perfekt f\u00fcr die Zubereitung von traditionellen und modernen Gerichten. Vertrauen Sie auf unsere Erfahrung und Qualit\u00e4t, um Ihre K\u00fcche zu bereichern.<\/p>\n\t\t\t\t\t<\/div>\n\t\t\t\t\t\t<\/div>\n\t\t\t\t<\/div>\n\t\t\t\t<\/div>\n\t\t\t\t\t<\/div>\n\t\t\t\t<\/div>\n\t\t<div class=\"wd-negative-gap elementor-element elementor-element-6ed7fec e-flex e-con-boxed e-con e-parent\" data-id=\"6ed7fec\" data-element_type=\"container\" data-e-type=\"container\">\n\t\t\t\t\t<div class=\"e-con-inner\">\n\t\t<div class=\"elementor-element elementor-element-ca8bc6f e-con-full e-flex e-con e-child\" data-id=\"ca8bc6f\" data-element_type=\"container\" data-e-type=\"container\">\n\t\t\t\t<div class=\"elementor-element elementor-element-ca46ecd wd-width-100 elementor-widget elementor-widget-wd_title\" data-id=\"ca46ecd\" data-element_type=\"widget\" data-e-type=\"widget\" data-widget_type=\"wd_title.default\">\n\t\t\t\t<div class=\"elementor-widget-container\">\n\t\t\t\t\t\t\t<div class=\"title-wrapper wd-set-mb reset-last-child wd-title-color-primary wd-title-style-underlined wd-title-size-default text-left\">\n\n\t\t\t\n\t\t\t<div class=\"liner-continer\">\n\t\t\t\t<h4 class=\"woodmart-title-container title wd-fontsize-l\">PLATEA NEC IPSUM<\/h4> \n\t\t\t\t\t\t\t<\/div>\n\n\t\t\t\t\t<\/div>\n\t\t\t\t\t\t<\/div>\n\t\t\t\t<\/div>\n\t\t\t\t<div class=\"elementor-element elementor-element-86aa5f0 elementor-widget elementor-widget-wd_image_or_svg\" data-id=\"86aa5f0\" data-element_type=\"widget\" data-e-type=\"widget\" data-widget_type=\"wd_image_or_svg.default\">\n\t\t\t\t<div class=\"elementor-widget-container\">\n\t\t\t\t\t\n\t\t<div class=\"wd-image text-left\">\n\t\t\t\t\t\t\t\t\t\t\t\t\t<\/div>\n\n\t\t\t\t\t\t<\/div>\n\t\t\t\t<\/div>\n\t\t\t\t<div class=\"elementor-element elementor-element-5dc70c2 elementor-widget elementor-widget-wd_text_block\" data-id=\"5dc70c2\" data-element_type=\"widget\" data-e-type=\"widget\" data-widget_type=\"wd_text_block.default\">\n\t\t\t\t<div class=\"elementor-widget-container\">\n\t\t\t\t\t\t\t<div class=\"wd-text-block reset-last-child text-left\">\n\t\t\t\n\t\t\t<p>Unsere Gew\u00fcrzpalette ist vielf\u00e4ltig und bietet f\u00fcr jeden Geschmack das Richtige. Wir verwenden nur die besten Zutaten, um ein intensives Aroma zu gew\u00e4hrleisten. Unsere Produkte sind ideal f\u00fcr die Zubereitung von Speisen in der heimischen K\u00fcche oder in professionellen K\u00fcchen. Wir setzen auf Nachhaltigkeit und Qualit\u00e4t, um Ihnen stets frische und sichere Produkte zu liefern.<\/p>\n\t\t\t\t\t<\/div>\n\t\t\t\t\t\t<\/div>\n\t\t\t\t<\/div>\n\t\t\t\t<div class=\"elementor-element elementor-element-deb7900 elementor-widget elementor-widget-wd_image_or_svg\" data-id=\"deb7900\" data-element_type=\"widget\" data-e-type=\"widget\" data-widget_type=\"wd_image_or_svg.default\">\n\t\t\t\t<div class=\"elementor-widget-container\">\n\t\t\t\t\t\n\t\t<div class=\"wd-image text-left\">\n\t\t\t\t\t\t\t\t\t\t\t\t\t<\/div>\n\n\t\t\t\t\t\t<\/div>\n\t\t\t\t<\/div>\n\t\t\t\t<div class=\"elementor-element elementor-element-0437710 elementor-widget elementor-widget-wd_text_block\" data-id=\"0437710\" data-element_type=\"widget\" data-e-type=\"widget\" data-widget_type=\"wd_text_block.default\">\n\t\t\t\t<div class=\"elementor-widget-container\">\n\t\t\t\t\t\t\t<div class=\"wd-text-block reset-last-child text-left\">\n\t\t\t\n\t\t\t<p>Morbi eine Auswahl an Gew\u00fcrzen, die Ihre Gerichte auf ein neues Level heben. Unsere Produkte sind frei von Konservierungsstoffen und k\u00fcnstlichen Aromen. Perfekt f\u00fcr alle, die Wert auf nat\u00fcrliche Zutaten legen. Entdecken Sie die Vielfalt unserer Gew\u00fcrze und bringen Sie Abwechslung in Ihre K\u00fcche.<\/p>\n\t\t\t\t\t<\/div>\n\t\t\t\t\t\t<\/div>\n\t\t\t\t<\/div>\n\t\t\t\t<div class=\"elementor-element elementor-element-7059f15 wd-width-100 elementor-widget elementor-widget-wd_title\" data-id=\"7059f15\" data-element_type=\"widget\" data-e-type=\"widget\" data-widget_type=\"wd_title.default\">\n\t\t\t\t<div class=\"elementor-widget-container\">\n\t\t\t\t\t\t\t<div class=\"title-wrapper wd-set-mb reset-last-child wd-title-color-primary wd-title-style-underlined wd-title-size-default text-left\">\n\n\t\t\t\n\t\t\t<div class=\"liner-continer\">\n\t\t\t\t<h4 class=\"woodmart-title-container title wd-fontsize-l\">LITORA AMET ACCUMSAN<\/h4> \n\t\t\t\t\t\t\t<\/div>\n\n\t\t\t\t\t<\/div>\n\t\t\t\t\t\t<\/div>\n\t\t\t\t<\/div>\n\t\t\t\t<div class=\"elementor-element elementor-element-8b6489f wd-width-100 elementor-widget elementor-widget-wd_images_gallery\" data-id=\"8b6489f\" data-element_type=\"widget\" data-e-type=\"widget\" data-widget_type=\"wd_images_gallery.default\">\n\t\t\t\t<div class=\"elementor-widget-container\">\n\t\t\t\t\t\t\t<div class=\"wd-images-gallery photoswipe-images wd-carousel-container\" style=\"--wd-align-items:center; --wd-justify-content:center;\">\n\t\t\t\t\t\t\t<div class=\"wd-carousel-inner\">\n\t\t\t\t\t\t<div class=\"wd-carousel wd-grid\" data-scroll_per_page=\"yes\" style=\"--wd-col-lg:2;--wd-col-md:2;--wd-col-sm:1;--wd-gap-lg:20px;--wd-gap-sm:10px;\">\n\t\t\t\t\t\t\t\t\t<div class=\"wd-carousel-wrap\">\n\t\t\t\t\t\t\t\t\t\t\t\t\t\t\t\t\t\t\t\t\t\t\t\t\t\t\t\t\t\t\t\t\t\t\t\t\t\t\t<\/div>\n\t\t\t\t\t\t\t\t<\/div>\n\t\t\t\t\t\t\t\t\t\t\t\t\t\t<div class=\"wd-nav-arrows wd-pos-sep wd-hover-1 wd-icon-1\">\n\t\t\t<div class=\"wd-btn-arrow wd-prev wd-disabled\">\n\t\t\t\t<div class=\"wd-arrow-inner\"><\/div>\n\t\t\t<\/div>\n\t\t\t<div class=\"wd-btn-arrow wd-next\">\n\t\t\t\t<div class=\"wd-arrow-inner\"><\/div>\n\t\t\t<\/div>\n\t\t<\/div>\n\t\t\t\t\t\t\n\t\t\t\t<\/div>\n\n\t\t\t\t\t\t\t\t\t\t\t\t\t<\/div>\n\t\t\t\t\t\t<\/div>\n\t\t\t\t<\/div>\n\t\t\t\t<div class=\"elementor-element elementor-element-5f549f4 elementor-widget elementor-widget-wd_text_block\" data-id=\"5f549f4\" data-element_type=\"widget\" data-e-type=\"widget\" data-widget_type=\"wd_text_block.default\">\n\t\t\t\t<div class=\"elementor-widget-container\">\n\t\t\t\t\t\t\t<div class=\"wd-text-block reset-last-child text-left\">\n\t\t\t\n\t\t\t<p>Ligula ein Gew\u00fcrzregal, das speziell f\u00fcr die Zubereitung von Gerichten entwickelt wurde. Es enth\u00e4lt eine Vielzahl von Kr\u00e4utern und Gew\u00fcrzen, die Ihren Speisen eine besondere Note verleihen. Unser Sortiment ist vielseitig und eignet sich sowohl f\u00fcr Hobbyk\u00f6che als auch f\u00fcr Profis.<\/p><p>Interdum eine Auswahl an Gew\u00fcrzen, die Ihre Gerichte auf ein neues Level heben. Unsere Produkte sind frei von Konservierungsstoffen und k\u00fcnstlichen Aromen. Perfekt f\u00fcr alle, die Wert auf nat\u00fcrliche Zutaten legen. Entdecken Sie die Vielfalt unserer Gew\u00fcrze und bringen Sie Abwechslung in Ihre K\u00fcche.<\/p>\n\t\t\t\t\t<\/div>\n\t\t\t\t\t\t<\/div>\n\t\t\t\t<\/div>\n\t\t\t\t<\/div>\n\t\t<div class=\"wd-sticky-container-lg elementor-element elementor-element-b10828c elementor-hidden-phone elementor-hidden-tablet e-con-full e-flex e-con e-child\" data-id=\"b10828c\" data-element_type=\"container\" data-e-type=\"container\">\n\t\t\t\t<div class=\"elementor-element elementor-element-24b8ab9 elementor-widget elementor-widget-wd_accordion\" data-id=\"24b8ab9\" data-element_type=\"widget\" data-e-type=\"widget\" data-widget_type=\"wd_accordion.default\">\n\t\t\t\t<div class=\"elementor-widget-container\">\n\t\t\t\t\t\n\t\t<div class=\"wd-accordion wd-style-default wd-titles-left wd-opener-pos-right wd-opener-style-arrow\" data-state=\"first\">\n\t\t\t\t\t\t\t\n\t\t\t\t<div class=\"wd-accordion-item\">\n\t\t\t\t\t<div class=\"wd-accordion-title wd-role-btn wd-active\" data-accordion-index=\"0\" tabindex=\"0\">\n\t\t\t\t\t\t<div class=\"wd-accordion-title-text\">\n\t\t\t\t\t\t\t\t\t\t\t\t\t\t<span>\n\t\t\t\t\t\t\t\tElit f\u00fcr alle, die Wert auf Qualit\u00e4t legen. Unsere Gew\u00fcrze sind sorgf\u00e4ltig ausgew\u00e4hlt und bieten ein unvergleichliches Aroma. Perfekt f\u00fcr die Zubereitung von traditionellen und modernen Gerichten. Vertrauen Sie auf unsere Erfahrung und Qualit\u00e4t, um Ihre K\u00fcche zu bereichern.\t\t\t\t\t\t\t<\/span>\n\t\t\t\t\t\t<\/div>\n\t\t\t\t\t\t<span class=\"wd-accordion-opener\"><\/span>\n\t\t\t\t\t<\/div>\n\n\t\t\t\t\t<div class=\"wd-accordion-content wd-entry-content wd-active\" data-accordion-index=\"0\">\n\t\t\t\t\t\t\t\t\t\t\t\t\t\n\t\t\t\t\t\t\t<p><img loading=\"lazy\" decoding=\"async\" class=\"size-full wp-image-4481 alignleft\" src=\"http:\/\/cs.maozixifa.cn\/wp-content\/uploads\/2021\/08\/classic-wooden-chair-img-logo.png\" alt=\"\" width=\"133\" height=\"37\" \/>\u00dcBER DAS UNTERNEHMEN:.<\/p><p>Unsere Gew\u00fcrze werden in Deutschland hergestellt und sind bekannt f\u00fcr ihre hohe Qualit\u00e4t und Frische. Wir setzen auf nachhaltige Produktion und lokale Lieferanten, um Ihnen die besten Produkte zu bieten. Unser Ziel ist es, Ihre K\u00fcche mit nat\u00fcrlichen und aromatischen Gew\u00fcrzen zu bereichern.<\/p>\n\t\t\t\t\t\t\t\t\t\t\t\t\t\t\t\t\t\t<\/div>\n\t\t\t\t<\/div>\n\t\t\t\t\t\t\t\n\t\t\t\t<div class=\"wd-accordion-item\">\n\t\t\t\t\t<div class=\"wd-accordion-title wd-role-btn\" data-accordion-index=\"1\" tabindex=\"0\">\n\t\t\t\t\t\t<div class=\"wd-accordion-title-text\">\n\t\t\t\t\t\t\t\t\t\t\t\t\t\t<span>\n\t\t\t\t\t\t\t\tMi ad consequat cras ut nibh nisl suscipit dolor. Unsere Gew\u00fcrze sind ideal f\u00fcr die Zubereitung vielf\u00e4ltiger Gerichte und sorgen f\u00fcr ein unvergleichliches Geschmackserlebnis. Wir legen Wert auf Qualit\u00e4t und Nachhaltigkeit, um Ihnen stets frische Produkte zu garantieren.\t\t\t\t\t\t\t<\/span>\n\t\t\t\t\t\t<\/div>\n\t\t\t\t\t\t<span class=\"wd-accordion-opener\"><\/span>\n\t\t\t\t\t<\/div>\n\n\t\t\t\t\t<div class=\"wd-accordion-content wd-entry-content\" data-accordion-index=\"1\">\n\t\t\t\t\t\t\t\t\t\t\t\t\t\n\t\t\t\t\t\t\t<div class=\"wpb_text_column wpb_content_element vc_custom_1490272132809\"><div class=\"wpb_wrapper\"><p>INFO:.<\/p><\/div><\/div><div class=\"wpb_text_column wpb_content_element\"><div class=\"wpb_wrapper\"><ul class=\"unordered-list\"><li>Ligula ein Gew\u00fcrzregal, das speziell f\u00fcr die Zubereitung von Gerichten entwickelt wurde. Es enth\u00e4lt eine Vielzahl von Kr\u00e4utern und Gew\u00fcrzen, die Ihren Speisen eine besondere Note verleihen. Unser Sortiment ist vielseitig und eignet sich sowohl f\u00fcr Hobbyk\u00f6che als auch f\u00fcr Profis.<\/li><li>Aliquam tincidunt mauris eu risus.<\/li><li>Lorem ipsum dolor sit amet.<\/li><li>Nunc dignissim risus id metus.<\/li><li>Cras ornare tristique elit.<\/li><li>Vivamus vestibulum nulla nec ante.<\/li><li>Praesent placerat risus quis eros.<\/li><li>Fusce pellentesque suscipit nibh.<\/li><\/ul><\/div><\/div>\n\t\t\t\t\t\t\t\t\t\t\t\t\t\t\t\t\t\t<\/div>\n\t\t\t\t<\/div>\n\t\t\t\t\t\t\t\n\t\t\t\t<div class=\"wd-accordion-item\">\n\t\t\t\t\t<div class=\"wd-accordion-title wd-role-btn\" data-accordion-index=\"2\" tabindex=\"0\">\n\t\t\t\t\t\t<div class=\"wd-accordion-title-text\">\n\t\t\t\t\t\t\t\t\t\t\t\t\t\t<span>\n\t\t\t\t\t\t\t\tVestibulum auctor dapibus neque.\t\t\t\t\t\t\t<\/span>\n\t\t\t\t\t\t<\/div>\n\t\t\t\t\t\t<span class=\"wd-accordion-opener\"><\/span>\n\t\t\t\t\t<\/div>\n\n\t\t\t\t\t<div class=\"wd-accordion-content wd-entry-content\" data-accordion-index=\"2\">\n\t\t\t\t\t\t\t\t\t\t\t\t\t\n\t\t\t\t\t\t\t<p>ADRESSE:.<br \/>514 S. Magnolia St.<\/p>\n\t\t\t\t\t\t\t\t\t\t\t\t\t\t\t\t\t\t<\/div>\n\t\t\t\t<\/div>\n\t\t\t\t\t<\/div>\n\t\t\t\t\t\t<\/div>\n\t\t\t\t<\/div>\n\t\t\t\t<\/div>\n\t\t\t\t\t<\/div>\n\t\t\t\t<\/div>\n\t\t<div class=\"elementor-element elementor-element-ad2a421 wd-section-stretch-content e-flex e-con-boxed e-con e-parent\" data-id=\"ad2a421\" data-element_type=\"container\" data-e-type=\"container\">\n\t\t\t\t\t<div class=\"e-con-inner\">\n\t\t\t\t<div class=\"elementor-element elementor-element-698b968 wd-width-100 elementor-widget elementor-widget-wd_images_gallery\" data-id=\"698b968\" data-element_type=\"widget\" data-e-type=\"widget\" data-widget_type=\"wd_images_gallery.default\">\n\t\t\t\t<div class=\"elementor-widget-container\">\n\t\t\t\t\t\t\t<div class=\"wd-images-gallery photoswipe-images wd-carousel-container\" style=\"--wd-align-items:center; --wd-justify-content:center;\">\n\t\t\t\t\t\t\t<div class=\"wd-carousel-inner\">\n\t\t\t\t\t\t<div class=\"wd-carousel wd-grid\" data-scroll_per_page=\"yes\" style=\"--wd-col-lg:5;--wd-col-md:4;--wd-col-sm:2;--wd-gap-lg:0px;\">\n\t\t\t\t\t\t\t\t\t<div class=\"wd-carousel-wrap\">\n\t\t\t\t\t\t\t\t\t\t\t\t\t\t\t\t\t\t\t\t\t\t\t\t\t\t\t\t\t\t\t\t\t\t\t\t\t\t\t\t\t\t\t\t\t\t\t\t\t<\/div>\n\t\t\t\t\t\t\t\t<\/div>\n\t\t\t\t\t\t\t\n\t\t\t\t<\/div>\n\n\t\t\t\t\t\t\t\t\t\t\t\t\t<\/div>\n\t\t\t\t\t\t<\/div>\n\t\t\t\t<\/div>\n\t\t\t\t\t<\/div>\n\t\t\t\t<\/div>\n\t\t\t\t<\/div>","protected":false},"excerpt":{"rendered":"<ul>\n<li>Stabilit\u00e4t: 500 Stunden Dauerbetrieb<\/li>\n<li>Leise und komfortabel, mit einem positiven Druck von 43D(A) (durchschnittlich)<\/li>\n<li>Kompakt und tragbar, geeignet f\u00fcr den Einsatz im Auto, bietet kontinuierliche Sauerstoffversorgung<\/li>\n<li>Stilvolles Design f\u00fcr die Sauerstoffbar zu Hause<\/li>\n<li>Hochstabiler Kompressor mit einer Lebensdauer von bis zu 8.000 Stunden<\/li>\n<li>Infrarot-Fernbedienung f\u00fcr die Echtzeitsteuerung des Sauerstoffkonzentrators<\/li>\n<\/ul>\n<div id=\"gtx-trans\" style=\"position: absolute; left: 37px; top: 110.216px;\">\n<div class=\"gtx-trans-icon\"><\/div>\n<\/div>","protected":false},"featured_media":29197,"template":"","meta":[],"product_brand":[],"product_cat":[72],"product_tag":[],"class_list":{"0":"post-270","1":"product","2":"type-product","3":"status-publish","4":"has-post-thumbnail","6":"product_cat-oxygen-concentrator","8":"first","9":"instock","10":"shipping-taxable","11":"product-type-simple"},"_links":{"self":[{"href":"https:\/\/imdkmedical.com\/de\/wp-json\/wp\/v2\/product\/270","targetHints":{"allow":["GET"]}}],"collection":[{"href":"https:\/\/imdkmedical.com\/de\/wp-json\/wp\/v2\/product"}],"about":[{"href":"https:\/\/imdkmedical.com\/de\/wp-json\/wp\/v2\/types\/product"}],"version-history":[{"count":0,"href":"https:\/\/imdkmedical.com\/de\/wp-json\/wp\/v2\/product\/270\/revisions"}],"wp:featuredmedia":[{"embeddable":true,"href":"https:\/\/imdkmedical.com\/de\/wp-json\/wp\/v2\/media\/29197"}],"wp:attachment":[{"href":"https:\/\/imdkmedical.com\/de\/wp-json\/wp\/v2\/media?parent=270"}],"wp:term":[{"taxonomy":"product_brand","embeddable":true,"href":"https:\/\/imdkmedical.com\/de\/wp-json\/wp\/v2\/product_brand?post=270"},{"taxonomy":"product_cat","embeddable":true,"href":"https:\/\/imdkmedical.com\/de\/wp-json\/wp\/v2\/product_cat?post=270"},{"taxonomy":"product_tag","embeddable":true,"href":"https:\/\/imdkmedical.com\/de\/wp-json\/wp\/v2\/product_tag?post=270"}],"curies":[{"name":"wp","href":"https:\/\/api.w.org\/{rel}","templated":true}]}}