{"id":29031,"date":"2025-09-21T23:39:57","date_gmt":"2025-09-21T23:39:57","guid":{"rendered":"https:\/\/cs.maozixifa.cn\/?page_id=29031"},"modified":"2025-11-24T14:25:26","modified_gmt":"2025-11-24T14:25:26","slug":"unternehmensinformationen","status":"publish","type":"page","link":"https:\/\/imdkmedical.com\/de\/unternehmensinformationen\/","title":{"rendered":"Unternehmensinformationen"},"content":{"rendered":"<div data-elementor-type=\"wp-page\" data-elementor-id=\"29031\" class=\"elementor elementor-29031\" data-elementor-post-type=\"page\">\n\t\t\t\t<div class=\"wd-negative-gap elementor-element elementor-element-2f07680 e-flex e-con-boxed e-con e-parent\" data-id=\"2f07680\" data-element_type=\"container\" data-e-type=\"container\">\n\t\t\t\t\t<div class=\"e-con-inner\">\n\t\t\t\t<div class=\"elementor-element elementor-element-d2c77ca color-scheme-inherit text-left elementor-widget elementor-widget-text-editor\" data-id=\"d2c77ca\" data-element_type=\"widget\" data-e-type=\"widget\" data-widget_type=\"text-editor.default\">\n\t\t\t\t\t\t\t\t\t<h3 data-start=\"89\" data-end=\"150\">\u00dcber IMDK \u2013 Professioneller Hersteller medizinischer Ger\u00e4te<\/h3><p data-start=\"152\" data-end=\"519\"><strong data-start=\"152\" data-end=\"209\">Shenzhen IMDK Medical Technology Co., Ltd. (Marke: IMDK)<\/strong> ist ein <strong data-start=\"215\" data-end=\"254\">f\u00fchrender Hersteller medizinischer Ger\u00e4te<\/strong> der sich der <strong data-start=\"272\" data-end=\"379\">Forschung, Entwicklung und Produktion von Fingerspitzen-Pulsoximetern und L\u00f6sungen f\u00fcr die h\u00e4usliche Gesundheits\u00fcberwachung widmet<\/strong>.<br data-start=\"380\" data-end=\"383\" \/>Unser Werk befindet sich in Shenzhen, China, und erstreckt sich \u00fcber <strong data-start=\"430\" data-end=\"459\">\u00fcber 12.000 Quadratmeter<\/strong> und arbeitet nach strengen Qualit\u00e4ts- und Produktionsstandards.<\/p><p data-start=\"521\" data-end=\"918\">Mit einem <strong data-start=\"528\" data-end=\"547\">starken F&amp;E-Team<\/strong> und <strong data-start=\"552\" data-end=\"592\">\u00fcber 15 Jahren Branchenerfahrung<\/strong>, hat IMDK die <strong data-start=\"616\" data-end=\"644\">Kerntechnologie der Pulsoximetrie<\/strong> gemeistert <strong data-start=\"664\" data-end=\"691\">und h\u00e4lt mehrere<\/strong> Patente und Innovationen<br data-start=\"721\" data-end=\"724\" \/>im Bereich der Gesundheits\u00fcberwachungsger\u00e4te. <strong data-start=\"750\" data-end=\"861\">Unsere Hauptprodukte umfassen<\/strong>, bekannt f\u00fcr <strong data-start=\"877\" data-end=\"917\">Genauigkeit, Zuverl\u00e4ssigkeit und Stabilit\u00e4t<\/strong>.<\/p><p data-start=\"920\" data-end=\"1202\">IMDK-Produkte sind zertifiziert mit <strong data-start=\"953\" data-end=\"991\">ISO13485, CE, FDA, REACH und ROHS<\/strong>, und werden in mehr als <strong data-start=\"1023\" data-end=\"1040\">100 L\u00e4ndern<\/strong> \u00fcber <strong data-start=\"1048\" data-end=\"1077\">Europa, Amerika und Asien<\/strong>.<br data-start=\"1078\" data-end=\"1081\" \/>Wir kooperieren stolz mit internationalen Gesundheitsmarken wie <strong data-start=\"1147\" data-end=\"1201\">Beurer, Microlife, GE Healthcare, Medline und CVS<\/strong>.<\/p><p data-start=\"1204\" data-end=\"1368\">Getrieben von Innovation und Qualit\u00e4tsverpflichtung, <strong data-start=\"1252\" data-end=\"1301\">bietet IMDK professionelle OEM- &amp; ODM-Dienstleistungen<\/strong>, die liefern <strong data-start=\"1314\" data-end=\"1368\">vertrauensw\u00fcrdige medizinische und h\u00e4usliche Pflege-L\u00f6sungen weltweit.<\/strong><\/p>\t\t\t\t\t\t\t\t<\/div>\n\t\t\t\t\t<\/div>\n\t\t\t\t<\/div>\n\t\t<div class=\"wd-negative-gap elementor-element elementor-element-57804d0 e-flex e-con-boxed e-con e-parent\" data-id=\"57804d0\" data-element_type=\"container\" data-e-type=\"container\">\n\t\t\t\t\t<div class=\"e-con-inner\">\n\t\t\t\t<div class=\"elementor-element elementor-element-747c4cb elementor-widget elementor-widget-heading\" data-id=\"747c4cb\" data-element_type=\"widget\" data-e-type=\"widget\" data-widget_type=\"heading.default\">\n\t\t\t\t\t<h2 class=\"elementor-heading-title elementor-size-default\">Warum IMDK w\u00e4hlen?<\/h2>\t\t\t\t<\/div>\n\t\t\t\t<div class=\"elementor-element elementor-element-7b99118 elementor-widget-divider--view-line elementor-widget elementor-widget-divider\" data-id=\"7b99118\" data-element_type=\"widget\" data-e-type=\"widget\" data-widget_type=\"divider.default\">\n\t\t\t\t\t\t\t<div class=\"elementor-divider\">\n\t\t\t<span class=\"elementor-divider-separator\">\n\t\t\t\t\t\t<\/span>\n\t\t<\/div>\n\t\t\t\t\t\t<\/div>\n\t\t\t\t<div class=\"elementor-element elementor-element-c598506 color-scheme-inherit text-left elementor-widget elementor-widget-text-editor\" data-id=\"c598506\" data-element_type=\"widget\" data-e-type=\"widget\" data-widget_type=\"text-editor.default\">\n\t\t\t\t\t\t\t\t\t<p data-start=\"119\" data-end=\"329\">Mit \u00fcber <strong data-start=\"129\" data-end=\"155\">15 Jahren Erfahrung<\/strong> in der Herstellung von <strong data-start=\"169\" data-end=\"229\">Fingertip-Oximetern und Heim\u00fcberwachungsger\u00e4ten<\/strong>, <strong data-start=\"231\" data-end=\"239\">IMDK<\/strong> ist eines der <strong data-start=\"262\" data-end=\"326\">vertrauensw\u00fcrdigste Hersteller medizinischer Ger\u00e4te in Shenzhen, China<\/strong>.<\/p><p data-start=\"331\" data-end=\"686\">Wir haben aufrechterhalten <strong data-start=\"350\" data-end=\"376\">langfristige Partnerschaften<\/strong> mit Kunden in <strong data-start=\"399\" data-end=\"433\">Deutschland, Malaysia, Japan<\/strong>, und viele andere L\u00e4nder. Allein im vergangenen Jahr \u00fcberstieg unsere <strong data-start=\"489\" data-end=\"537\">Jahresproduktion 2,1 Millionen Einheiten<\/strong>, die Kunden in <strong data-start=\"558\" data-end=\"683\">Regierungsbeschaffung, Gemeinschaftskliniken, internationale Supermarkt- und Apothekenketten sowie globale E-Commerce-Plattformen bedienen<\/strong>.<\/p><p data-start=\"688\" data-end=\"1027\">IMDK-Produkte sind zertifiziert durch <strong data-start=\"719\" data-end=\"744\">FDA, CE und ISO13485<\/strong>, und wurden <strong data-start=\"760\" data-end=\"808\">in mehr als 80 L\u00e4ndern weltweit exportiert<\/strong>.<br data-start=\"809\" data-end=\"812\" \/>Unsere Innovationskraft wird unterst\u00fctzt durch <strong data-start=\"852\" data-end=\"899\">mehrere nationale und internationale Patente<\/strong>, sowie <strong data-start=\"912\" data-end=\"935\">Software-Urheberrechte<\/strong> in Bereichen wie Pulsoximeter-Datenmanagement, Signalanalyse und Benutzersysteme.<\/p><p data-start=\"1029\" data-end=\"1208\">F\u00fcr <strong data-start=\"1033\" data-end=\"1100\">technischen Support, OEM\/ODM-Anpassungen oder Angebotsanfragen<\/strong>, z\u00f6gern Sie bitte nicht, <strong data-start=\"1122\" data-end=\"1160\">das IMDK-Fachteam zu kontaktieren<\/strong> \u2014 wir sind stets bereit, Ihr Gesch\u00e4ft zu unterst\u00fctzen.<\/p>\t\t\t\t\t\t\t\t<\/div>\n\t\t\t\t\t<\/div>\n\t\t\t\t<\/div>\n\t\t\t\t<\/div>","protected":false},"excerpt":{"rendered":"<p>About IMDK \u2013 Professional Medical Device Manufacturer Shenzhen IMDK Medical Technology Co., Ltd.(Brand: IMDK) is a leading medical device manufacturer<\/p>","protected":false},"author":1,"featured_media":0,"parent":0,"menu_order":0,"comment_status":"closed","ping_status":"closed","template":"elementor_header_footer","meta":{"footnotes":""},"class_list":["post-29031","page","type-page","status-publish","hentry"],"_links":{"self":[{"href":"https:\/\/imdkmedical.com\/de\/wp-json\/wp\/v2\/pages\/29031","targetHints":{"allow":["GET"]}}],"collection":[{"href":"https:\/\/imdkmedical.com\/de\/wp-json\/wp\/v2\/pages"}],"about":[{"href":"https:\/\/imdkmedical.com\/de\/wp-json\/wp\/v2\/types\/page"}],"author":[{"embeddable":true,"href":"https:\/\/imdkmedical.com\/de\/wp-json\/wp\/v2\/users\/1"}],"replies":[{"embeddable":true,"href":"https:\/\/imdkmedical.com\/de\/wp-json\/wp\/v2\/comments?post=29031"}],"version-history":[{"count":0,"href":"https:\/\/imdkmedical.com\/de\/wp-json\/wp\/v2\/pages\/29031\/revisions"}],"wp:attachment":[{"href":"https:\/\/imdkmedical.com\/de\/wp-json\/wp\/v2\/media?parent=29031"}],"curies":[{"name":"wp","href":"https:\/\/api.w.org\/{rel}","templated":true}]}}